{"id":10393,"date":"2022-06-07T13:10:49","date_gmt":"2022-06-07T13:10:49","guid":{"rendered":"https:\/\/newlightdigital.nldsite.com\/industrii\/it-si-saas\/"},"modified":"2025-03-03T08:13:06","modified_gmt":"2025-03-03T08:13:06","slug":"it-si-saas","status":"publish","type":"page","link":"https:\/\/newlightdigital.com\/ro\/industrii\/it-si-saas\/","title":{"rendered":"IT \u0219i SAAS"},"content":{"rendered":"","protected":false},"excerpt":{"rendered":"","protected":false},"author":2,"featured_media":0,"parent":10315,"menu_order":0,"comment_status":"closed","ping_status":"closed","template":"page-Industries-template.php","meta":{"_acf_changed":false,"footnotes":""},"class_list":["post-10393","page","type-page","status-publish","hentry"],"acf":[],"yoast_head":"<!-- This site is optimized with the Yoast SEO plugin v27.3 - https:\/\/yoast.com\/product\/yoast-seo-wordpress\/ -->\n<title>Servicii de marketing digital pentru domeniul IT \u0219i SAAS<\/title>\n<meta name=\"description\" content=\"Firmele IT se lupt\u0103 adesea s\u0103 \u00ee\u0219i identifice propunerea unic\u0103 de valoare. Asocia\u021bi-v\u0103 cu noi pentru a beneficia de o experien\u021b\u0103 vast\u0103 \u00een marketing digital \u00een domeniul IT \u0219i SAAS.\" \/>\n<meta name=\"robots\" content=\"index, follow, max-snippet:-1, max-image-preview:large, max-video-preview:-1\" \/>\n<link rel=\"canonical\" href=\"https:\/\/newlightdigital.com\/ro\/industrii\/it-si-saas\/\" \/>\n<meta property=\"og:locale\" content=\"ro_RO\" \/>\n<meta property=\"og:type\" content=\"article\" \/>\n<meta property=\"og:title\" content=\"Servicii de marketing digital pentru domeniul IT \u0219i SAAS\" \/>\n<meta property=\"og:description\" content=\"Firmele IT se lupt\u0103 adesea s\u0103 \u00ee\u0219i identifice propunerea unic\u0103 de valoare. Asocia\u021bi-v\u0103 cu noi pentru a beneficia de o experien\u021b\u0103 vast\u0103 \u00een marketing digital \u00een domeniul IT \u0219i SAAS.\" \/>\n<meta property=\"og:url\" content=\"https:\/\/newlightdigital.com\/ro\/industrii\/it-si-saas\/\" \/>\n<meta property=\"og:site_name\" content=\"New Light Digital\" \/>\n<meta property=\"article:publisher\" content=\"https:\/\/www.facebook.com\/newlightdigital\" \/>\n<meta property=\"article:modified_time\" content=\"2025-03-03T08:13:06+00:00\" \/>\n<meta name=\"twitter:card\" content=\"summary_large_image\" \/>\n<meta name=\"twitter:site\" content=\"@newlightdigital\" \/>\n<script type=\"application\/ld+json\" class=\"yoast-schema-graph\">{\"@context\":\"https:\\\/\\\/schema.org\",\"@graph\":[{\"@type\":\"WebPage\",\"@id\":\"https:\\\/\\\/newlightdigital.com\\\/ro\\\/industrii\\\/it-si-saas\\\/\",\"url\":\"https:\\\/\\\/newlightdigital.com\\\/ro\\\/industrii\\\/it-si-saas\\\/\",\"name\":\"Servicii de marketing digital pentru domeniul IT \u0219i SAAS\",\"isPartOf\":{\"@id\":\"https:\\\/\\\/newlightdigital.com\\\/ro\\\/#website\"},\"datePublished\":\"2022-06-07T13:10:49+00:00\",\"dateModified\":\"2025-03-03T08:13:06+00:00\",\"description\":\"Firmele IT se lupt\u0103 adesea s\u0103 \u00ee\u0219i identifice propunerea unic\u0103 de valoare. Asocia\u021bi-v\u0103 cu noi pentru a beneficia de o experien\u021b\u0103 vast\u0103 \u00een marketing digital \u00een domeniul IT \u0219i SAAS.\",\"breadcrumb\":{\"@id\":\"https:\\\/\\\/newlightdigital.com\\\/ro\\\/industrii\\\/it-si-saas\\\/#breadcrumb\"},\"inLanguage\":\"ro-RO\",\"potentialAction\":[{\"@type\":\"ReadAction\",\"target\":[\"https:\\\/\\\/newlightdigital.com\\\/ro\\\/industrii\\\/it-si-saas\\\/\"]}]},{\"@type\":\"BreadcrumbList\",\"@id\":\"https:\\\/\\\/newlightdigital.com\\\/ro\\\/industrii\\\/it-si-saas\\\/#breadcrumb\",\"itemListElement\":[{\"@type\":\"ListItem\",\"position\":1,\"name\":\"Home\",\"item\":\"https:\\\/\\\/newlightdigital.com\\\/ro\\\/\"},{\"@type\":\"ListItem\",\"position\":2,\"name\":\"Industrii\",\"item\":\"https:\\\/\\\/newlightdigital.com\\\/ro\\\/industries\\\/\"},{\"@type\":\"ListItem\",\"position\":3,\"name\":\"IT \u0219i SAAS\"}]},{\"@type\":\"WebSite\",\"@id\":\"https:\\\/\\\/newlightdigital.com\\\/ro\\\/#website\",\"url\":\"https:\\\/\\\/newlightdigital.com\\\/ro\\\/\",\"name\":\"New Light Digital\",\"description\":\"Reap Tangible Results from Your Marketing\",\"publisher\":{\"@id\":\"https:\\\/\\\/newlightdigital.com\\\/ro\\\/#organization\"},\"potentialAction\":[{\"@type\":\"SearchAction\",\"target\":{\"@type\":\"EntryPoint\",\"urlTemplate\":\"https:\\\/\\\/newlightdigital.com\\\/ro\\\/?s={search_term_string}\"},\"query-input\":{\"@type\":\"PropertyValueSpecification\",\"valueRequired\":true,\"valueName\":\"search_term_string\"}}],\"inLanguage\":\"ro-RO\"},{\"@type\":\"Organization\",\"@id\":\"https:\\\/\\\/newlightdigital.com\\\/ro\\\/#organization\",\"name\":\"New Light Digital\",\"url\":\"https:\\\/\\\/newlightdigital.com\\\/ro\\\/\",\"logo\":{\"@type\":\"ImageObject\",\"inLanguage\":\"ro-RO\",\"@id\":\"https:\\\/\\\/newlightdigital.com\\\/ro\\\/#\\\/schema\\\/logo\\\/image\\\/\",\"url\":\"https:\\\/\\\/newlightdigital.com\\\/wp-content\\\/uploads\\\/2022\\\/07\\\/logo_red.png\",\"contentUrl\":\"https:\\\/\\\/newlightdigital.com\\\/wp-content\\\/uploads\\\/2022\\\/07\\\/logo_red.png\",\"width\":338,\"height\":85,\"caption\":\"New Light Digital\"},\"image\":{\"@id\":\"https:\\\/\\\/newlightdigital.com\\\/ro\\\/#\\\/schema\\\/logo\\\/image\\\/\"},\"sameAs\":[\"https:\\\/\\\/www.facebook.com\\\/newlightdigital\",\"https:\\\/\\\/x.com\\\/newlightdigital\",\"https:\\\/\\\/www.linkedin.com\\\/company\\\/29347636\\\/admin\\\/\",\"https:\\\/\\\/www.pinterest.com\\\/newlightdigital\\\/\",\"https:\\\/\\\/www.instagram.com\\\/newlightdigital\\\/\"]}]}<\/script>\n<!-- \/ Yoast SEO plugin. -->","yoast_head_json":{"title":"Servicii de marketing digital pentru domeniul IT \u0219i SAAS","description":"Firmele IT se lupt\u0103 adesea s\u0103 \u00ee\u0219i identifice propunerea unic\u0103 de valoare. Asocia\u021bi-v\u0103 cu noi pentru a beneficia de o experien\u021b\u0103 vast\u0103 \u00een marketing digital \u00een domeniul IT \u0219i SAAS.","robots":{"index":"index","follow":"follow","max-snippet":"max-snippet:-1","max-image-preview":"max-image-preview:large","max-video-preview":"max-video-preview:-1"},"canonical":"https:\/\/newlightdigital.com\/ro\/industrii\/it-si-saas\/","og_locale":"ro_RO","og_type":"article","og_title":"Servicii de marketing digital pentru domeniul IT \u0219i SAAS","og_description":"Firmele IT se lupt\u0103 adesea s\u0103 \u00ee\u0219i identifice propunerea unic\u0103 de valoare. Asocia\u021bi-v\u0103 cu noi pentru a beneficia de o experien\u021b\u0103 vast\u0103 \u00een marketing digital \u00een domeniul IT \u0219i SAAS.","og_url":"https:\/\/newlightdigital.com\/ro\/industrii\/it-si-saas\/","og_site_name":"New Light Digital","article_publisher":"https:\/\/www.facebook.com\/newlightdigital","article_modified_time":"2025-03-03T08:13:06+00:00","twitter_card":"summary_large_image","twitter_site":"@newlightdigital","schema":{"@context":"https:\/\/schema.org","@graph":[{"@type":"WebPage","@id":"https:\/\/newlightdigital.com\/ro\/industrii\/it-si-saas\/","url":"https:\/\/newlightdigital.com\/ro\/industrii\/it-si-saas\/","name":"Servicii de marketing digital pentru domeniul IT \u0219i SAAS","isPartOf":{"@id":"https:\/\/newlightdigital.com\/ro\/#website"},"datePublished":"2022-06-07T13:10:49+00:00","dateModified":"2025-03-03T08:13:06+00:00","description":"Firmele IT se lupt\u0103 adesea s\u0103 \u00ee\u0219i identifice propunerea unic\u0103 de valoare. Asocia\u021bi-v\u0103 cu noi pentru a beneficia de o experien\u021b\u0103 vast\u0103 \u00een marketing digital \u00een domeniul IT \u0219i SAAS.","breadcrumb":{"@id":"https:\/\/newlightdigital.com\/ro\/industrii\/it-si-saas\/#breadcrumb"},"inLanguage":"ro-RO","potentialAction":[{"@type":"ReadAction","target":["https:\/\/newlightdigital.com\/ro\/industrii\/it-si-saas\/"]}]},{"@type":"BreadcrumbList","@id":"https:\/\/newlightdigital.com\/ro\/industrii\/it-si-saas\/#breadcrumb","itemListElement":[{"@type":"ListItem","position":1,"name":"Home","item":"https:\/\/newlightdigital.com\/ro\/"},{"@type":"ListItem","position":2,"name":"Industrii","item":"https:\/\/newlightdigital.com\/ro\/industries\/"},{"@type":"ListItem","position":3,"name":"IT \u0219i SAAS"}]},{"@type":"WebSite","@id":"https:\/\/newlightdigital.com\/ro\/#website","url":"https:\/\/newlightdigital.com\/ro\/","name":"New Light Digital","description":"Reap Tangible Results from Your Marketing","publisher":{"@id":"https:\/\/newlightdigital.com\/ro\/#organization"},"potentialAction":[{"@type":"SearchAction","target":{"@type":"EntryPoint","urlTemplate":"https:\/\/newlightdigital.com\/ro\/?s={search_term_string}"},"query-input":{"@type":"PropertyValueSpecification","valueRequired":true,"valueName":"search_term_string"}}],"inLanguage":"ro-RO"},{"@type":"Organization","@id":"https:\/\/newlightdigital.com\/ro\/#organization","name":"New Light Digital","url":"https:\/\/newlightdigital.com\/ro\/","logo":{"@type":"ImageObject","inLanguage":"ro-RO","@id":"https:\/\/newlightdigital.com\/ro\/#\/schema\/logo\/image\/","url":"https:\/\/newlightdigital.com\/wp-content\/uploads\/2022\/07\/logo_red.png","contentUrl":"https:\/\/newlightdigital.com\/wp-content\/uploads\/2022\/07\/logo_red.png","width":338,"height":85,"caption":"New Light Digital"},"image":{"@id":"https:\/\/newlightdigital.com\/ro\/#\/schema\/logo\/image\/"},"sameAs":["https:\/\/www.facebook.com\/newlightdigital","https:\/\/x.com\/newlightdigital","https:\/\/www.linkedin.com\/company\/29347636\/admin\/","https:\/\/www.pinterest.com\/newlightdigital\/","https:\/\/www.instagram.com\/newlightdigital\/"]}]}},"_links":{"self":[{"href":"https:\/\/newlightdigital.com\/ro\/wp-json\/wp\/v2\/pages\/10393","targetHints":{"allow":["GET"]}}],"collection":[{"href":"https:\/\/newlightdigital.com\/ro\/wp-json\/wp\/v2\/pages"}],"about":[{"href":"https:\/\/newlightdigital.com\/ro\/wp-json\/wp\/v2\/types\/page"}],"author":[{"embeddable":true,"href":"https:\/\/newlightdigital.com\/ro\/wp-json\/wp\/v2\/users\/2"}],"replies":[{"embeddable":true,"href":"https:\/\/newlightdigital.com\/ro\/wp-json\/wp\/v2\/comments?post=10393"}],"version-history":[{"count":0,"href":"https:\/\/newlightdigital.com\/ro\/wp-json\/wp\/v2\/pages\/10393\/revisions"}],"up":[{"embeddable":true,"href":"https:\/\/newlightdigital.com\/ro\/wp-json\/wp\/v2\/pages\/10315"}],"wp:attachment":[{"href":"https:\/\/newlightdigital.com\/ro\/wp-json\/wp\/v2\/media?parent=10393"}],"curies":[{"name":"wp","href":"https:\/\/api.w.org\/{rel}","templated":true}]}}