{"id":10405,"date":"2022-06-09T08:23:31","date_gmt":"2022-06-09T08:23:31","guid":{"rendered":"https:\/\/newlightdigital.nldsite.com\/politica-de-confidentialitate\/"},"modified":"2024-07-27T06:55:11","modified_gmt":"2024-07-27T06:55:11","slug":"politica-de-confidentialitate","status":"publish","type":"page","link":"https:\/\/newlightdigital.com\/ro\/politica-de-confidentialitate\/","title":{"rendered":"Politica de confiden\u021bialitate"},"content":{"rendered":"\n<h1 class=\"wp-block-heading\">Politica noastr\u0103 de confiden\u021bialitate<\/h1>\n\n\n\n<p>La New Light Digital, accesibil de pe newlightdigital.com, una dintre priorit\u0103\u021bile noastre principale este confiden\u021bialitatea vizitatorilor no\u0219tri. Acest document privind politica de confiden\u021bialitate con\u021bine tipurile de informa\u021bii care sunt colectate \u0219i \u00eenregistrate de New Light Digital \u0219i modul \u00een care le folosim.<\/p>\n\n\n\n<p>Dac\u0103 ave\u021bi \u00eentreb\u0103ri suplimentare sau ave\u021bi nevoie de mai multe informa\u021bii cu privire la Politica noastr\u0103 de confiden\u021bialitate, nu ezita\u021bi s\u0103 ne contacta\u021bi prin intermediul site-ului nostru web la <a href=\"\/?page_id=10192\">https:\/\/newlightdigital.com\/ro\/contacteaza-ne\/<\/a><\/p>\n\n\n\n<h2 class=\"wp-block-heading\">Regulamentul general privind protec\u021bia datelor (GDPR)<\/h2>\n\n\n\n<p>Suntem un controlor de date al informa\u021biilor dumneavoastr\u0103.<\/p>\n\n\n\n<p>Temeiul juridic al New Light Digital pentru colectarea \u0219i utilizarea informa\u021biilor personale descrise \u00een aceast\u0103 politic\u0103 de confiden\u021bialitate depinde de informa\u021biile personale pe care le colect\u0103m \u0219i de contextul specific \u00een care colect\u0103m informa\u021biile:<\/p>\n\n\n\n<ul class=\"wp-block-list\">\n<li>New Light Digital are nevoie s\u0103 execute un contract cu dvs.<\/li>\n\n\n\n<li>A\u021bi acordat permisiunea New Light Digital de a face acest lucru<\/li>\n\n\n\n<li>Prelucrarea informa\u021biilor dvs. personale este \u00een interesul legitim al New Light Digital<\/li>\n\n\n\n<li>New Light Digital trebuie s\u0103 se conformeze legii<\/li>\n<\/ul>\n\n\n\n<p>New Light Digital va p\u0103stra informa\u021biile dvs. personale doar at\u00e2t timp c\u00e2t este necesar pentru scopurile stabilite \u00een aceast\u0103 politic\u0103 de confiden\u021bialitate. Vom p\u0103stra \u0219i utiliza informa\u021biile dvs. \u00een m\u0103sura \u00een care este necesar pentru a respecta obliga\u021biile noastre legale, pentru a rezolva litigiile \u0219i pentru a ne aplica politicile.<\/p>\n\n\n\n<p>Dac\u0103 sunte\u021bi rezident al Spa\u021biului Economic European (SEE), ave\u021bi anumite drepturi privind protec\u021bia datelor. Dac\u0103 dori\u021bi s\u0103 fi\u021bi informat ce informa\u021bii personale de\u021binem despre dvs. \u0219i dac\u0103 dori\u021bi ca acestea s\u0103 fie eliminate din sistemele noastre, v\u0103 rug\u0103m s\u0103 ne contacta\u021bi.<\/p>\n\n\n\n<p>\u00cen anumite circumstan\u021be, ave\u021bi urm\u0103toarele drepturi privind protec\u021bia datelor:<\/p>\n\n\n\n<ul class=\"wp-block-list\">\n<li>Dreptul de a accesa, actualiza sau \u0219terge informa\u021biile pe care le de\u021binem despre dumneavoastr\u0103.<\/li>\n\n\n\n<li>Dreptul de rectificare.<\/li>\n\n\n\n<li>Dreptul la opozi\u021bie.<\/li>\n\n\n\n<li>Dreptul de restric\u021bie.<\/li>\n\n\n\n<li>Dreptul la portabilitatea datelor<\/li>\n\n\n\n<li>Dreptul de a retrage consim\u021b\u0103m\u00e2ntul<\/li>\n<\/ul>\n\n\n\n<h2 class=\"wp-block-heading\">Fi\u0219iere log<\/h2>\n\n\n\n<p>New Light Digital urmeaz\u0103 o procedur\u0103 standard de utilizare a fi\u0219ierelor jurnal. Aceste fi\u0219iere \u00eenregistreaz\u0103 vizitatorii atunci c\u00e2nd ace\u0219tia viziteaz\u0103 site-urile web. Toate companiile de g\u0103zduire fac acest lucru \u0219i o parte din analiza serviciilor de g\u0103zduire. Informa\u021biile colectate de fi\u0219ierele jurnal includ adresele de protocol internet (IP), tipul de browser, furnizorul de servicii internet (ISP), data \u0219i ora, paginile de trimitere\/ie\u0219ire \u0219i, eventual, num\u0103rul de clicuri. Acestea nu sunt legate de nicio informa\u021bie care s\u0103 poat\u0103 fi identificat\u0103 personal. Scopul acestor informa\u021bii este de a analiza tendin\u021bele, de a administra site-ul, de a urm\u0103ri mi\u0219c\u0103rile utilizatorilor pe site \u0219i de a colecta informa\u021bii demografice.<\/p>\n\n\n\n<h2 class=\"wp-block-heading\" id=\"cookies\">Cookie-uri \u0219i Web Beacon-uri<\/h2>\n\n\n\n<p>La fel ca orice alt site web, New Light Digital utilizeaz\u0103 &#8222;cookie-uri&#8221;. Aceste cookie-uri sunt folosite pentru a stoca informa\u021bii, inclusiv preferin\u021bele vizitatorilor \u0219i paginile de pe site pe care vizitatorul le-a accesat sau vizitat. Informa\u021biile sunt folosite pentru a optimiza experien\u021ba utilizatorilor prin personalizarea con\u021binutului paginilor noastre web pe baza tipului de browser al vizitatorilor \u0219i\/sau a altor informa\u021bii.<\/p>\n\n\n\n<h2 class=\"wp-block-heading\">Politici de confiden\u021bialitate<\/h2>\n\n\n\n<p>Serverele de anun\u021buri sau re\u021belele de anun\u021buri ale ter\u021belor p\u0103r\u021bi utilizeaz\u0103 tehnologii precum cookie-uri, JavaScript sau Web Beacons care sunt utilizate \u00een reclamele \u0219i link-urile respective care apar pe New Light Digital, care sunt trimise direct la browserul utilizatorului. Ace\u0219tia primesc \u00een mod automat adresa dumneavoastr\u0103 IP atunci c\u00e2nd acest lucru se \u00eent\u00e2mpl\u0103. Aceste tehnologii sunt utilizate pentru a m\u0103sura eficien\u021ba campaniilor lor publicitare \u0219i\/sau pentru a personaliza con\u021binutul publicitar pe care \u00eel vede\u021bi pe site-urile web pe care le vizita\u021bi.<\/p>\n\n\n\n<p>Re\u021bine\u021bi c\u0103 New Light Digital nu are acces sau control asupra acestor cookie-uri care sunt utilizate de c\u0103tre agen\u021bii de publicitate ter\u021b\u0103 parte.<\/p>\n\n\n\n<h2 class=\"wp-block-heading\">Politicile de confiden\u021bialitate ale ter\u021bilor<\/h2>\n\n\n\n<p>Politica de confiden\u021bialitate a New Light Digital nu se aplic\u0103 altor agen\u021bi de publicitate sau site-uri web. Astfel, v\u0103 sf\u0103tuim s\u0103 consulta\u021bi Politicile de confiden\u021bialitate respective ale acestor servere de publicitate ter\u021be pentru informa\u021bii mai detaliate. Aceasta poate include practicile acestora \u0219i instruc\u021biuni despre cum s\u0103 renun\u021ba\u021bi la anumite op\u021biuni.<\/p>\n\n\n\n<p>Pute\u021bi alege s\u0103 dezactiva\u021bi modulele cookie prin intermediul op\u021biunilor individuale ale browserului dumneavoastr\u0103. Pentru a afla informa\u021bii mai detaliate despre gestionarea cookie-urilor cu browsere web specifice, acestea pot fi g\u0103site pe site-urile web ale browserelor respective.<\/p>\n\n\n\n<h2 class=\"wp-block-heading\">Informa\u021bii despre copii<\/h2>\n\n\n\n<p>O alt\u0103 parte a priorit\u0103\u021bii noastre este ad\u0103ugarea de protec\u021bie pentru copii \u00een timpul utiliz\u0103rii internetului. \u00cencuraj\u0103m p\u0103rin\u021bii \u0219i tutorii s\u0103 observe, s\u0103 participe \u0219i\/sau s\u0103 monitorizeze \u0219i s\u0103 \u00eendrume activitatea online a copiilor.<\/p>\n\n\n\n<p>New Light Digital nu colecteaz\u0103 cu bun\u0103 \u0219tiin\u021b\u0103 niciun fel de informa\u021bii personale identificabile de la copii cu v\u00e2rsta sub 13 ani. Dac\u0103 crede\u021bi c\u0103 copilul dvs. a furnizat acest tip de informa\u021bii pe site-ul nostru web, v\u0103 \u00eencuraj\u0103m cu t\u0103rie s\u0103 ne contacta\u021bi imediat \u0219i vom face tot posibilul pentru a elimina imediat astfel de informa\u021bii din \u00eenregistr\u0103rile noastre.<\/p>\n\n\n\n<h2 class=\"wp-block-heading\">Numai politica de confiden\u021bialitate online<\/h2>\n\n\n\n<p>Politica noastr\u0103 de confiden\u021bialitate se aplic\u0103 numai activit\u0103\u021bilor noastre online \u0219i este valabil\u0103 pentru vizitatorii site-ului nostru \u00een ceea ce prive\u0219te informa\u021biile pe care le-au \u00eemp\u0103rt\u0103\u0219it \u0219i\/sau colectat \u00een New Light Digital. Aceast\u0103 politic\u0103 nu este aplicabil\u0103 informa\u021biilor colectate offline sau prin alte canale dec\u00e2t acest site web.<\/p>\n\n\n\n<h2 class=\"wp-block-heading\">Consim\u021b\u0103m\u00e2nt<\/h2>\n\n\n\n<p>Prin utilizarea site-ului nostru web, sunte\u021bi de acord cu Politica noastr\u0103 de confiden\u021bialitate \u0219i accepta\u021bi <a href=\"\/?page_id=10791\">Termenele \u0219i condi\u021biile<\/a> acesteia.<\/p>\n","protected":false},"excerpt":{"rendered":"<p>Politica noastr\u0103 de confiden\u021bialitate La New Light Digital, accesibil de pe newlightdigital.com, una dintre priorit\u0103\u021bile noastre principale este confiden\u021bialitatea vizitatorilor no\u0219tri. Acest document privind politica de confiden\u021bialitate con\u021bine tipurile de informa\u021bii care sunt colectate \u0219i \u00eenregistrate de New Light Digital \u0219i modul \u00een care le folosim. Dac\u0103 ave\u021bi \u00eentreb\u0103ri suplimentare sau ave\u021bi nevoie de mai [&hellip;]<\/p>\n","protected":false},"author":2,"featured_media":0,"parent":0,"menu_order":0,"comment_status":"closed","ping_status":"closed","template":"","meta":{"_acf_changed":false,"footnotes":""},"class_list":["post-10405","page","type-page","status-publish","hentry"],"acf":[],"yoast_head":"<!-- This site is optimized with the Yoast SEO plugin v27.3 - https:\/\/yoast.com\/product\/yoast-seo-wordpress\/ -->\n<title>Politica de confiden\u021bialitate &#8212; New Light Digital<\/title>\n<meta name=\"description\" content=\"Politica privind cookie-urile, Politica de confiden\u021bialitate \u0219i conformitatea cu GDPR.\" \/>\n<meta name=\"robots\" content=\"index, follow, max-snippet:-1, max-image-preview:large, max-video-preview:-1\" \/>\n<link rel=\"canonical\" href=\"https:\/\/newlightdigital.com\/ro\/politica-de-confidentialitate\/\" \/>\n<meta property=\"og:locale\" content=\"ro_RO\" \/>\n<meta property=\"og:type\" content=\"article\" \/>\n<meta property=\"og:title\" content=\"Politica de confiden\u021bialitate &#8212; New Light Digital\" \/>\n<meta property=\"og:description\" content=\"Politica privind cookie-urile, Politica de confiden\u021bialitate \u0219i conformitatea cu GDPR.\" \/>\n<meta property=\"og:url\" content=\"https:\/\/newlightdigital.com\/ro\/politica-de-confidentialitate\/\" \/>\n<meta property=\"og:site_name\" content=\"New Light Digital\" \/>\n<meta property=\"article:publisher\" content=\"https:\/\/www.facebook.com\/newlightdigital\" \/>\n<meta property=\"article:modified_time\" content=\"2024-07-27T06:55:11+00:00\" \/>\n<meta name=\"twitter:card\" content=\"summary_large_image\" \/>\n<meta name=\"twitter:site\" content=\"@newlightdigital\" \/>\n<meta name=\"twitter:label1\" content=\"Timp estimat pentru citire\" \/>\n\t<meta name=\"twitter:data1\" content=\"4 minut\" \/>\n<script type=\"application\/ld+json\" class=\"yoast-schema-graph\">{\"@context\":\"https:\\\/\\\/schema.org\",\"@graph\":[{\"@type\":\"WebPage\",\"@id\":\"https:\\\/\\\/newlightdigital.com\\\/ro\\\/politica-de-confidentialitate\\\/\",\"url\":\"https:\\\/\\\/newlightdigital.com\\\/ro\\\/politica-de-confidentialitate\\\/\",\"name\":\"Politica de confiden\u021bialitate &#8212; New Light Digital\",\"isPartOf\":{\"@id\":\"https:\\\/\\\/newlightdigital.com\\\/ro\\\/#website\"},\"datePublished\":\"2022-06-09T08:23:31+00:00\",\"dateModified\":\"2024-07-27T06:55:11+00:00\",\"description\":\"Politica privind cookie-urile, Politica de confiden\u021bialitate \u0219i conformitatea cu GDPR.\",\"breadcrumb\":{\"@id\":\"https:\\\/\\\/newlightdigital.com\\\/ro\\\/politica-de-confidentialitate\\\/#breadcrumb\"},\"inLanguage\":\"ro-RO\",\"potentialAction\":[{\"@type\":\"ReadAction\",\"target\":[\"https:\\\/\\\/newlightdigital.com\\\/ro\\\/politica-de-confidentialitate\\\/\"]}]},{\"@type\":\"BreadcrumbList\",\"@id\":\"https:\\\/\\\/newlightdigital.com\\\/ro\\\/politica-de-confidentialitate\\\/#breadcrumb\",\"itemListElement\":[{\"@type\":\"ListItem\",\"position\":1,\"name\":\"Home\",\"item\":\"https:\\\/\\\/newlightdigital.com\\\/ro\\\/\"},{\"@type\":\"ListItem\",\"position\":2,\"name\":\"Politica de confiden\u021bialitate\"}]},{\"@type\":\"WebSite\",\"@id\":\"https:\\\/\\\/newlightdigital.com\\\/ro\\\/#website\",\"url\":\"https:\\\/\\\/newlightdigital.com\\\/ro\\\/\",\"name\":\"New Light Digital\",\"description\":\"Reap Tangible Results from Your Marketing\",\"publisher\":{\"@id\":\"https:\\\/\\\/newlightdigital.com\\\/ro\\\/#organization\"},\"potentialAction\":[{\"@type\":\"SearchAction\",\"target\":{\"@type\":\"EntryPoint\",\"urlTemplate\":\"https:\\\/\\\/newlightdigital.com\\\/ro\\\/?s={search_term_string}\"},\"query-input\":{\"@type\":\"PropertyValueSpecification\",\"valueRequired\":true,\"valueName\":\"search_term_string\"}}],\"inLanguage\":\"ro-RO\"},{\"@type\":\"Organization\",\"@id\":\"https:\\\/\\\/newlightdigital.com\\\/ro\\\/#organization\",\"name\":\"New Light Digital\",\"url\":\"https:\\\/\\\/newlightdigital.com\\\/ro\\\/\",\"logo\":{\"@type\":\"ImageObject\",\"inLanguage\":\"ro-RO\",\"@id\":\"https:\\\/\\\/newlightdigital.com\\\/ro\\\/#\\\/schema\\\/logo\\\/image\\\/\",\"url\":\"https:\\\/\\\/newlightdigital.com\\\/wp-content\\\/uploads\\\/2022\\\/07\\\/logo_red.png\",\"contentUrl\":\"https:\\\/\\\/newlightdigital.com\\\/wp-content\\\/uploads\\\/2022\\\/07\\\/logo_red.png\",\"width\":338,\"height\":85,\"caption\":\"New Light Digital\"},\"image\":{\"@id\":\"https:\\\/\\\/newlightdigital.com\\\/ro\\\/#\\\/schema\\\/logo\\\/image\\\/\"},\"sameAs\":[\"https:\\\/\\\/www.facebook.com\\\/newlightdigital\",\"https:\\\/\\\/x.com\\\/newlightdigital\",\"https:\\\/\\\/www.linkedin.com\\\/company\\\/29347636\\\/admin\\\/\",\"https:\\\/\\\/www.pinterest.com\\\/newlightdigital\\\/\",\"https:\\\/\\\/www.instagram.com\\\/newlightdigital\\\/\"]}]}<\/script>\n<!-- \/ Yoast SEO plugin. -->","yoast_head_json":{"title":"Politica de confiden\u021bialitate &#8212; New Light Digital","description":"Politica privind cookie-urile, Politica de confiden\u021bialitate \u0219i conformitatea cu GDPR.","robots":{"index":"index","follow":"follow","max-snippet":"max-snippet:-1","max-image-preview":"max-image-preview:large","max-video-preview":"max-video-preview:-1"},"canonical":"https:\/\/newlightdigital.com\/ro\/politica-de-confidentialitate\/","og_locale":"ro_RO","og_type":"article","og_title":"Politica de confiden\u021bialitate &#8212; New Light Digital","og_description":"Politica privind cookie-urile, Politica de confiden\u021bialitate \u0219i conformitatea cu GDPR.","og_url":"https:\/\/newlightdigital.com\/ro\/politica-de-confidentialitate\/","og_site_name":"New Light Digital","article_publisher":"https:\/\/www.facebook.com\/newlightdigital","article_modified_time":"2024-07-27T06:55:11+00:00","twitter_card":"summary_large_image","twitter_site":"@newlightdigital","twitter_misc":{"Timp estimat pentru citire":"4 minut"},"schema":{"@context":"https:\/\/schema.org","@graph":[{"@type":"WebPage","@id":"https:\/\/newlightdigital.com\/ro\/politica-de-confidentialitate\/","url":"https:\/\/newlightdigital.com\/ro\/politica-de-confidentialitate\/","name":"Politica de confiden\u021bialitate &#8212; New Light Digital","isPartOf":{"@id":"https:\/\/newlightdigital.com\/ro\/#website"},"datePublished":"2022-06-09T08:23:31+00:00","dateModified":"2024-07-27T06:55:11+00:00","description":"Politica privind cookie-urile, Politica de confiden\u021bialitate \u0219i conformitatea cu GDPR.","breadcrumb":{"@id":"https:\/\/newlightdigital.com\/ro\/politica-de-confidentialitate\/#breadcrumb"},"inLanguage":"ro-RO","potentialAction":[{"@type":"ReadAction","target":["https:\/\/newlightdigital.com\/ro\/politica-de-confidentialitate\/"]}]},{"@type":"BreadcrumbList","@id":"https:\/\/newlightdigital.com\/ro\/politica-de-confidentialitate\/#breadcrumb","itemListElement":[{"@type":"ListItem","position":1,"name":"Home","item":"https:\/\/newlightdigital.com\/ro\/"},{"@type":"ListItem","position":2,"name":"Politica de confiden\u021bialitate"}]},{"@type":"WebSite","@id":"https:\/\/newlightdigital.com\/ro\/#website","url":"https:\/\/newlightdigital.com\/ro\/","name":"New Light Digital","description":"Reap Tangible Results from Your Marketing","publisher":{"@id":"https:\/\/newlightdigital.com\/ro\/#organization"},"potentialAction":[{"@type":"SearchAction","target":{"@type":"EntryPoint","urlTemplate":"https:\/\/newlightdigital.com\/ro\/?s={search_term_string}"},"query-input":{"@type":"PropertyValueSpecification","valueRequired":true,"valueName":"search_term_string"}}],"inLanguage":"ro-RO"},{"@type":"Organization","@id":"https:\/\/newlightdigital.com\/ro\/#organization","name":"New Light Digital","url":"https:\/\/newlightdigital.com\/ro\/","logo":{"@type":"ImageObject","inLanguage":"ro-RO","@id":"https:\/\/newlightdigital.com\/ro\/#\/schema\/logo\/image\/","url":"https:\/\/newlightdigital.com\/wp-content\/uploads\/2022\/07\/logo_red.png","contentUrl":"https:\/\/newlightdigital.com\/wp-content\/uploads\/2022\/07\/logo_red.png","width":338,"height":85,"caption":"New Light Digital"},"image":{"@id":"https:\/\/newlightdigital.com\/ro\/#\/schema\/logo\/image\/"},"sameAs":["https:\/\/www.facebook.com\/newlightdigital","https:\/\/x.com\/newlightdigital","https:\/\/www.linkedin.com\/company\/29347636\/admin\/","https:\/\/www.pinterest.com\/newlightdigital\/","https:\/\/www.instagram.com\/newlightdigital\/"]}]}},"_links":{"self":[{"href":"https:\/\/newlightdigital.com\/ro\/wp-json\/wp\/v2\/pages\/10405","targetHints":{"allow":["GET"]}}],"collection":[{"href":"https:\/\/newlightdigital.com\/ro\/wp-json\/wp\/v2\/pages"}],"about":[{"href":"https:\/\/newlightdigital.com\/ro\/wp-json\/wp\/v2\/types\/page"}],"author":[{"embeddable":true,"href":"https:\/\/newlightdigital.com\/ro\/wp-json\/wp\/v2\/users\/2"}],"replies":[{"embeddable":true,"href":"https:\/\/newlightdigital.com\/ro\/wp-json\/wp\/v2\/comments?post=10405"}],"version-history":[{"count":0,"href":"https:\/\/newlightdigital.com\/ro\/wp-json\/wp\/v2\/pages\/10405\/revisions"}],"wp:attachment":[{"href":"https:\/\/newlightdigital.com\/ro\/wp-json\/wp\/v2\/media?parent=10405"}],"curies":[{"name":"wp","href":"https:\/\/api.w.org\/{rel}","templated":true}]}}