{"id":10716,"date":"2023-03-14T13:50:06","date_gmt":"2023-03-14T13:50:06","guid":{"rendered":"https:\/\/newlightdigital.nldsite.com\/cei-4-p-ai-marketingului-si-cum-sa-ii-folosesti-pentru-agentia-ta-de-recrutare\/"},"modified":"2024-06-30T13:43:21","modified_gmt":"2024-06-30T13:43:21","slug":"cei-4-p-ai-marketingului-si-cum-sa-ii-folosesti-pentru-agentia-ta-de-recrutare","status":"publish","type":"page","link":"https:\/\/newlightdigital.com\/ro\/cei-4-p-ai-marketingului-si-cum-sa-ii-folosesti-pentru-agentia-ta-de-recrutare\/","title":{"rendered":"Cei 4 P ai marketingului \u0219i cum s\u0103 \u00eei folose\u0219ti pentru agen\u021bia ta de recrutare"},"content":{"rendered":"","protected":false},"excerpt":{"rendered":"","protected":false},"author":2,"featured_media":9847,"parent":0,"menu_order":0,"comment_status":"closed","ping_status":"closed","template":"page-landing.php","meta":{"_acf_changed":false,"footnotes":""},"class_list":["post-10716","page","type-page","status-publish","has-post-thumbnail","hentry"],"acf":[],"yoast_head":"<!-- This site is optimized with the Yoast SEO plugin v27.3 - https:\/\/yoast.com\/product\/yoast-seo-wordpress\/ -->\n<title>Cei 4 P ai marketingului pentru agen\u021bia ta de recrutare<\/title>\n<meta name=\"description\" content=\"Construi\u021bi o funda\u021bie ferm\u0103 de marketing pentru agen\u021bia dvs. de recrutare, examin\u00e2nd cei 4P ai marketingului \u0219i modul \u00een care se aplic\u0103 \u00een industria dvs.\" \/>\n<meta name=\"robots\" content=\"index, follow, max-snippet:-1, max-image-preview:large, max-video-preview:-1\" \/>\n<link rel=\"canonical\" href=\"https:\/\/newlightdigital.com\/ro\/cei-4-p-ai-marketingului-si-cum-sa-ii-folosesti-pentru-agentia-ta-de-recrutare\/\" \/>\n<meta property=\"og:locale\" content=\"ro_RO\" \/>\n<meta property=\"og:type\" content=\"article\" \/>\n<meta property=\"og:title\" content=\"Cei 4 P ai marketingului pentru agen\u021bia ta de recrutare\" \/>\n<meta property=\"og:description\" content=\"Construi\u021bi o funda\u021bie ferm\u0103 de marketing pentru agen\u021bia dvs. de recrutare, examin\u00e2nd cei 4P ai marketingului \u0219i modul \u00een care se aplic\u0103 \u00een industria dvs.\" \/>\n<meta property=\"og:url\" content=\"https:\/\/newlightdigital.com\/ro\/cei-4-p-ai-marketingului-si-cum-sa-ii-folosesti-pentru-agentia-ta-de-recrutare\/\" \/>\n<meta property=\"og:site_name\" content=\"New Light Digital\" \/>\n<meta property=\"article:publisher\" content=\"https:\/\/www.facebook.com\/newlightdigital\" \/>\n<meta property=\"article:modified_time\" content=\"2024-06-30T13:43:21+00:00\" \/>\n<meta property=\"og:image\" content=\"https:\/\/newlightdigital.com\/wp-content\/uploads\/2023\/03\/The-4-Ps-of-Marketing-and-How-to-Use-Them-for-Your-Recruiting-Agency.png\" \/>\n\t<meta property=\"og:image:width\" content=\"800\" \/>\n\t<meta property=\"og:image:height\" content=\"800\" \/>\n\t<meta property=\"og:image:type\" content=\"image\/png\" \/>\n<meta name=\"twitter:card\" content=\"summary_large_image\" \/>\n<meta name=\"twitter:site\" content=\"@newlightdigital\" \/>\n<meta name=\"twitter:label1\" content=\"Timp estimat pentru citire\" \/>\n\t<meta name=\"twitter:data1\" content=\"1 minut\" \/>\n<script type=\"application\/ld+json\" class=\"yoast-schema-graph\">{\"@context\":\"https:\\\/\\\/schema.org\",\"@graph\":[{\"@type\":\"WebPage\",\"@id\":\"https:\\\/\\\/newlightdigital.com\\\/ro\\\/cei-4-p-ai-marketingului-si-cum-sa-ii-folosesti-pentru-agentia-ta-de-recrutare\\\/\",\"url\":\"https:\\\/\\\/newlightdigital.com\\\/ro\\\/cei-4-p-ai-marketingului-si-cum-sa-ii-folosesti-pentru-agentia-ta-de-recrutare\\\/\",\"name\":\"Cei 4 P ai marketingului pentru agen\u021bia ta de recrutare\",\"isPartOf\":{\"@id\":\"https:\\\/\\\/newlightdigital.com\\\/ro\\\/#website\"},\"primaryImageOfPage\":{\"@id\":\"https:\\\/\\\/newlightdigital.com\\\/ro\\\/cei-4-p-ai-marketingului-si-cum-sa-ii-folosesti-pentru-agentia-ta-de-recrutare\\\/#primaryimage\"},\"image\":{\"@id\":\"https:\\\/\\\/newlightdigital.com\\\/ro\\\/cei-4-p-ai-marketingului-si-cum-sa-ii-folosesti-pentru-agentia-ta-de-recrutare\\\/#primaryimage\"},\"thumbnailUrl\":\"https:\\\/\\\/newlightdigital.com\\\/wp-content\\\/uploads\\\/2023\\\/03\\\/The-4-Ps-of-Marketing-and-How-to-Use-Them-for-Your-Recruiting-Agency.png\",\"datePublished\":\"2023-03-14T13:50:06+00:00\",\"dateModified\":\"2024-06-30T13:43:21+00:00\",\"description\":\"Construi\u021bi o funda\u021bie ferm\u0103 de marketing pentru agen\u021bia dvs. de recrutare, examin\u00e2nd cei 4P ai marketingului \u0219i modul \u00een care se aplic\u0103 \u00een industria dvs.\",\"breadcrumb\":{\"@id\":\"https:\\\/\\\/newlightdigital.com\\\/ro\\\/cei-4-p-ai-marketingului-si-cum-sa-ii-folosesti-pentru-agentia-ta-de-recrutare\\\/#breadcrumb\"},\"inLanguage\":\"ro-RO\",\"potentialAction\":[{\"@type\":\"ReadAction\",\"target\":[\"https:\\\/\\\/newlightdigital.com\\\/ro\\\/cei-4-p-ai-marketingului-si-cum-sa-ii-folosesti-pentru-agentia-ta-de-recrutare\\\/\"]}]},{\"@type\":\"ImageObject\",\"inLanguage\":\"ro-RO\",\"@id\":\"https:\\\/\\\/newlightdigital.com\\\/ro\\\/cei-4-p-ai-marketingului-si-cum-sa-ii-folosesti-pentru-agentia-ta-de-recrutare\\\/#primaryimage\",\"url\":\"https:\\\/\\\/newlightdigital.com\\\/wp-content\\\/uploads\\\/2023\\\/03\\\/The-4-Ps-of-Marketing-and-How-to-Use-Them-for-Your-Recruiting-Agency.png\",\"contentUrl\":\"https:\\\/\\\/newlightdigital.com\\\/wp-content\\\/uploads\\\/2023\\\/03\\\/The-4-Ps-of-Marketing-and-How-to-Use-Them-for-Your-Recruiting-Agency.png\",\"width\":800,\"height\":800},{\"@type\":\"BreadcrumbList\",\"@id\":\"https:\\\/\\\/newlightdigital.com\\\/ro\\\/cei-4-p-ai-marketingului-si-cum-sa-ii-folosesti-pentru-agentia-ta-de-recrutare\\\/#breadcrumb\",\"itemListElement\":[{\"@type\":\"ListItem\",\"position\":1,\"name\":\"Home\",\"item\":\"https:\\\/\\\/newlightdigital.com\\\/ro\\\/\"},{\"@type\":\"ListItem\",\"position\":2,\"name\":\"Cei 4 P ai marketingului \u0219i cum s\u0103 \u00eei folose\u0219ti pentru agen\u021bia ta de recrutare\"}]},{\"@type\":\"WebSite\",\"@id\":\"https:\\\/\\\/newlightdigital.com\\\/ro\\\/#website\",\"url\":\"https:\\\/\\\/newlightdigital.com\\\/ro\\\/\",\"name\":\"New Light Digital\",\"description\":\"Reap Tangible Results from Your Marketing\",\"publisher\":{\"@id\":\"https:\\\/\\\/newlightdigital.com\\\/ro\\\/#organization\"},\"potentialAction\":[{\"@type\":\"SearchAction\",\"target\":{\"@type\":\"EntryPoint\",\"urlTemplate\":\"https:\\\/\\\/newlightdigital.com\\\/ro\\\/?s={search_term_string}\"},\"query-input\":{\"@type\":\"PropertyValueSpecification\",\"valueRequired\":true,\"valueName\":\"search_term_string\"}}],\"inLanguage\":\"ro-RO\"},{\"@type\":\"Organization\",\"@id\":\"https:\\\/\\\/newlightdigital.com\\\/ro\\\/#organization\",\"name\":\"New Light Digital\",\"url\":\"https:\\\/\\\/newlightdigital.com\\\/ro\\\/\",\"logo\":{\"@type\":\"ImageObject\",\"inLanguage\":\"ro-RO\",\"@id\":\"https:\\\/\\\/newlightdigital.com\\\/ro\\\/#\\\/schema\\\/logo\\\/image\\\/\",\"url\":\"https:\\\/\\\/newlightdigital.com\\\/wp-content\\\/uploads\\\/2022\\\/07\\\/logo_red.png\",\"contentUrl\":\"https:\\\/\\\/newlightdigital.com\\\/wp-content\\\/uploads\\\/2022\\\/07\\\/logo_red.png\",\"width\":338,\"height\":85,\"caption\":\"New Light Digital\"},\"image\":{\"@id\":\"https:\\\/\\\/newlightdigital.com\\\/ro\\\/#\\\/schema\\\/logo\\\/image\\\/\"},\"sameAs\":[\"https:\\\/\\\/www.facebook.com\\\/newlightdigital\",\"https:\\\/\\\/x.com\\\/newlightdigital\",\"https:\\\/\\\/www.linkedin.com\\\/company\\\/29347636\\\/admin\\\/\",\"https:\\\/\\\/www.pinterest.com\\\/newlightdigital\\\/\",\"https:\\\/\\\/www.instagram.com\\\/newlightdigital\\\/\"]}]}<\/script>\n<!-- \/ Yoast SEO plugin. -->","yoast_head_json":{"title":"Cei 4 P ai marketingului pentru agen\u021bia ta de recrutare","description":"Construi\u021bi o funda\u021bie ferm\u0103 de marketing pentru agen\u021bia dvs. de recrutare, examin\u00e2nd cei 4P ai marketingului \u0219i modul \u00een care se aplic\u0103 \u00een industria dvs.","robots":{"index":"index","follow":"follow","max-snippet":"max-snippet:-1","max-image-preview":"max-image-preview:large","max-video-preview":"max-video-preview:-1"},"canonical":"https:\/\/newlightdigital.com\/ro\/cei-4-p-ai-marketingului-si-cum-sa-ii-folosesti-pentru-agentia-ta-de-recrutare\/","og_locale":"ro_RO","og_type":"article","og_title":"Cei 4 P ai marketingului pentru agen\u021bia ta de recrutare","og_description":"Construi\u021bi o funda\u021bie ferm\u0103 de marketing pentru agen\u021bia dvs. de recrutare, examin\u00e2nd cei 4P ai marketingului \u0219i modul \u00een care se aplic\u0103 \u00een industria dvs.","og_url":"https:\/\/newlightdigital.com\/ro\/cei-4-p-ai-marketingului-si-cum-sa-ii-folosesti-pentru-agentia-ta-de-recrutare\/","og_site_name":"New Light Digital","article_publisher":"https:\/\/www.facebook.com\/newlightdigital","article_modified_time":"2024-06-30T13:43:21+00:00","og_image":[{"width":800,"height":800,"url":"https:\/\/newlightdigital.com\/wp-content\/uploads\/2023\/03\/The-4-Ps-of-Marketing-and-How-to-Use-Them-for-Your-Recruiting-Agency.png","type":"image\/png"}],"twitter_card":"summary_large_image","twitter_site":"@newlightdigital","twitter_misc":{"Timp estimat pentru citire":"1 minut"},"schema":{"@context":"https:\/\/schema.org","@graph":[{"@type":"WebPage","@id":"https:\/\/newlightdigital.com\/ro\/cei-4-p-ai-marketingului-si-cum-sa-ii-folosesti-pentru-agentia-ta-de-recrutare\/","url":"https:\/\/newlightdigital.com\/ro\/cei-4-p-ai-marketingului-si-cum-sa-ii-folosesti-pentru-agentia-ta-de-recrutare\/","name":"Cei 4 P ai marketingului pentru agen\u021bia ta de recrutare","isPartOf":{"@id":"https:\/\/newlightdigital.com\/ro\/#website"},"primaryImageOfPage":{"@id":"https:\/\/newlightdigital.com\/ro\/cei-4-p-ai-marketingului-si-cum-sa-ii-folosesti-pentru-agentia-ta-de-recrutare\/#primaryimage"},"image":{"@id":"https:\/\/newlightdigital.com\/ro\/cei-4-p-ai-marketingului-si-cum-sa-ii-folosesti-pentru-agentia-ta-de-recrutare\/#primaryimage"},"thumbnailUrl":"https:\/\/newlightdigital.com\/wp-content\/uploads\/2023\/03\/The-4-Ps-of-Marketing-and-How-to-Use-Them-for-Your-Recruiting-Agency.png","datePublished":"2023-03-14T13:50:06+00:00","dateModified":"2024-06-30T13:43:21+00:00","description":"Construi\u021bi o funda\u021bie ferm\u0103 de marketing pentru agen\u021bia dvs. de recrutare, examin\u00e2nd cei 4P ai marketingului \u0219i modul \u00een care se aplic\u0103 \u00een industria dvs.","breadcrumb":{"@id":"https:\/\/newlightdigital.com\/ro\/cei-4-p-ai-marketingului-si-cum-sa-ii-folosesti-pentru-agentia-ta-de-recrutare\/#breadcrumb"},"inLanguage":"ro-RO","potentialAction":[{"@type":"ReadAction","target":["https:\/\/newlightdigital.com\/ro\/cei-4-p-ai-marketingului-si-cum-sa-ii-folosesti-pentru-agentia-ta-de-recrutare\/"]}]},{"@type":"ImageObject","inLanguage":"ro-RO","@id":"https:\/\/newlightdigital.com\/ro\/cei-4-p-ai-marketingului-si-cum-sa-ii-folosesti-pentru-agentia-ta-de-recrutare\/#primaryimage","url":"https:\/\/newlightdigital.com\/wp-content\/uploads\/2023\/03\/The-4-Ps-of-Marketing-and-How-to-Use-Them-for-Your-Recruiting-Agency.png","contentUrl":"https:\/\/newlightdigital.com\/wp-content\/uploads\/2023\/03\/The-4-Ps-of-Marketing-and-How-to-Use-Them-for-Your-Recruiting-Agency.png","width":800,"height":800},{"@type":"BreadcrumbList","@id":"https:\/\/newlightdigital.com\/ro\/cei-4-p-ai-marketingului-si-cum-sa-ii-folosesti-pentru-agentia-ta-de-recrutare\/#breadcrumb","itemListElement":[{"@type":"ListItem","position":1,"name":"Home","item":"https:\/\/newlightdigital.com\/ro\/"},{"@type":"ListItem","position":2,"name":"Cei 4 P ai marketingului \u0219i cum s\u0103 \u00eei folose\u0219ti pentru agen\u021bia ta de recrutare"}]},{"@type":"WebSite","@id":"https:\/\/newlightdigital.com\/ro\/#website","url":"https:\/\/newlightdigital.com\/ro\/","name":"New Light Digital","description":"Reap Tangible Results from Your Marketing","publisher":{"@id":"https:\/\/newlightdigital.com\/ro\/#organization"},"potentialAction":[{"@type":"SearchAction","target":{"@type":"EntryPoint","urlTemplate":"https:\/\/newlightdigital.com\/ro\/?s={search_term_string}"},"query-input":{"@type":"PropertyValueSpecification","valueRequired":true,"valueName":"search_term_string"}}],"inLanguage":"ro-RO"},{"@type":"Organization","@id":"https:\/\/newlightdigital.com\/ro\/#organization","name":"New Light Digital","url":"https:\/\/newlightdigital.com\/ro\/","logo":{"@type":"ImageObject","inLanguage":"ro-RO","@id":"https:\/\/newlightdigital.com\/ro\/#\/schema\/logo\/image\/","url":"https:\/\/newlightdigital.com\/wp-content\/uploads\/2022\/07\/logo_red.png","contentUrl":"https:\/\/newlightdigital.com\/wp-content\/uploads\/2022\/07\/logo_red.png","width":338,"height":85,"caption":"New Light Digital"},"image":{"@id":"https:\/\/newlightdigital.com\/ro\/#\/schema\/logo\/image\/"},"sameAs":["https:\/\/www.facebook.com\/newlightdigital","https:\/\/x.com\/newlightdigital","https:\/\/www.linkedin.com\/company\/29347636\/admin\/","https:\/\/www.pinterest.com\/newlightdigital\/","https:\/\/www.instagram.com\/newlightdigital\/"]}]}},"_links":{"self":[{"href":"https:\/\/newlightdigital.com\/ro\/wp-json\/wp\/v2\/pages\/10716","targetHints":{"allow":["GET"]}}],"collection":[{"href":"https:\/\/newlightdigital.com\/ro\/wp-json\/wp\/v2\/pages"}],"about":[{"href":"https:\/\/newlightdigital.com\/ro\/wp-json\/wp\/v2\/types\/page"}],"author":[{"embeddable":true,"href":"https:\/\/newlightdigital.com\/ro\/wp-json\/wp\/v2\/users\/2"}],"replies":[{"embeddable":true,"href":"https:\/\/newlightdigital.com\/ro\/wp-json\/wp\/v2\/comments?post=10716"}],"version-history":[{"count":0,"href":"https:\/\/newlightdigital.com\/ro\/wp-json\/wp\/v2\/pages\/10716\/revisions"}],"wp:featuredmedia":[{"embeddable":true,"href":"https:\/\/newlightdigital.com\/ro\/wp-json\/wp\/v2\/media\/9847"}],"wp:attachment":[{"href":"https:\/\/newlightdigital.com\/ro\/wp-json\/wp\/v2\/media?parent=10716"}],"curies":[{"name":"wp","href":"https:\/\/api.w.org\/{rel}","templated":true}]}}