{"id":10723,"date":"2023-10-26T14:34:00","date_gmt":"2023-10-26T14:34:00","guid":{"rendered":"https:\/\/newlightdigital.nldsite.com\/ghidul-complet-pentru-prospectarea-vanzarilor\/"},"modified":"2024-03-21T16:11:01","modified_gmt":"2024-03-21T16:11:01","slug":"ghidul-complet-pentru-prospectarea-vanzarilor","status":"publish","type":"page","link":"https:\/\/newlightdigital.com\/ro\/ghidul-complet-pentru-prospectarea-vanzarilor\/","title":{"rendered":"Ghidul complet pentru prospectarea v\u00e2nz\u0103rilor"},"content":{"rendered":"","protected":false},"excerpt":{"rendered":"","protected":false},"author":2,"featured_media":9945,"parent":0,"menu_order":0,"comment_status":"closed","ping_status":"closed","template":"page-landing.php","meta":{"_acf_changed":false,"footnotes":""},"class_list":["post-10723","page","type-page","status-publish","has-post-thumbnail","hentry"],"acf":[],"yoast_head":"<!-- This site is optimized with the Yoast SEO plugin v27.4 - https:\/\/yoast.com\/product\/yoast-seo-wordpress\/ -->\n<title>Ghidul complet pentru prospectarea v\u00e2nz\u0103rilor &#8212; New Light Digital<\/title>\n<meta name=\"description\" content=\"Ce este prospectarea v\u00e2nz\u0103rilor? Sfaturi, perspective \u0219i tehnici pentru a reu\u0219i \u00een prospectarea v\u00e2nz\u0103rilor.\" \/>\n<meta name=\"robots\" content=\"index, follow, max-snippet:-1, max-image-preview:large, max-video-preview:-1\" \/>\n<link rel=\"canonical\" href=\"https:\/\/newlightdigital.com\/ro\/ghidul-complet-pentru-prospectarea-vanzarilor\/\" \/>\n<meta property=\"og:locale\" content=\"ro_RO\" \/>\n<meta property=\"og:type\" content=\"article\" \/>\n<meta property=\"og:title\" content=\"Ghidul complet pentru prospectarea v\u00e2nz\u0103rilor &#8212; New Light Digital\" \/>\n<meta property=\"og:description\" content=\"Ce este prospectarea v\u00e2nz\u0103rilor? Sfaturi, perspective \u0219i tehnici pentru a reu\u0219i \u00een prospectarea v\u00e2nz\u0103rilor.\" \/>\n<meta property=\"og:url\" content=\"https:\/\/newlightdigital.com\/ro\/ghidul-complet-pentru-prospectarea-vanzarilor\/\" \/>\n<meta property=\"og:site_name\" content=\"New Light Digital\" \/>\n<meta property=\"article:publisher\" content=\"https:\/\/www.facebook.com\/newlightdigital\" \/>\n<meta property=\"article:modified_time\" content=\"2024-03-21T16:11:01+00:00\" \/>\n<meta property=\"og:image\" content=\"https:\/\/newlightdigital.com\/wp-content\/uploads\/2023\/06\/97d27f51-6905-45b9-b9d5-cc6bd0e694a9.png\" \/>\n\t<meta property=\"og:image:width\" content=\"571\" \/>\n\t<meta property=\"og:image:height\" content=\"536\" \/>\n\t<meta property=\"og:image:type\" content=\"image\/png\" \/>\n<meta name=\"twitter:card\" content=\"summary_large_image\" \/>\n<meta name=\"twitter:site\" content=\"@newlightdigital\" \/>\n<meta name=\"twitter:label1\" content=\"Timp estimat pentru citire\" \/>\n\t<meta name=\"twitter:data1\" content=\"1 minut\" \/>\n<script type=\"application\/ld+json\" class=\"yoast-schema-graph\">{\"@context\":\"https:\\\/\\\/schema.org\",\"@graph\":[{\"@type\":\"WebPage\",\"@id\":\"https:\\\/\\\/newlightdigital.com\\\/ro\\\/ghidul-complet-pentru-prospectarea-vanzarilor\\\/\",\"url\":\"https:\\\/\\\/newlightdigital.com\\\/ro\\\/ghidul-complet-pentru-prospectarea-vanzarilor\\\/\",\"name\":\"Ghidul complet pentru prospectarea v\u00e2nz\u0103rilor &#8212; New Light Digital\",\"isPartOf\":{\"@id\":\"https:\\\/\\\/newlightdigital.com\\\/ro\\\/#website\"},\"primaryImageOfPage\":{\"@id\":\"https:\\\/\\\/newlightdigital.com\\\/ro\\\/ghidul-complet-pentru-prospectarea-vanzarilor\\\/#primaryimage\"},\"image\":{\"@id\":\"https:\\\/\\\/newlightdigital.com\\\/ro\\\/ghidul-complet-pentru-prospectarea-vanzarilor\\\/#primaryimage\"},\"thumbnailUrl\":\"https:\\\/\\\/newlightdigital.com\\\/wp-content\\\/uploads\\\/2023\\\/06\\\/97d27f51-6905-45b9-b9d5-cc6bd0e694a9.png\",\"datePublished\":\"2023-10-26T14:34:00+00:00\",\"dateModified\":\"2024-03-21T16:11:01+00:00\",\"description\":\"Ce este prospectarea v\u00e2nz\u0103rilor? Sfaturi, perspective \u0219i tehnici pentru a reu\u0219i \u00een prospectarea v\u00e2nz\u0103rilor.\",\"breadcrumb\":{\"@id\":\"https:\\\/\\\/newlightdigital.com\\\/ro\\\/ghidul-complet-pentru-prospectarea-vanzarilor\\\/#breadcrumb\"},\"inLanguage\":\"ro-RO\",\"potentialAction\":[{\"@type\":\"ReadAction\",\"target\":[\"https:\\\/\\\/newlightdigital.com\\\/ro\\\/ghidul-complet-pentru-prospectarea-vanzarilor\\\/\"]}]},{\"@type\":\"ImageObject\",\"inLanguage\":\"ro-RO\",\"@id\":\"https:\\\/\\\/newlightdigital.com\\\/ro\\\/ghidul-complet-pentru-prospectarea-vanzarilor\\\/#primaryimage\",\"url\":\"https:\\\/\\\/newlightdigital.com\\\/wp-content\\\/uploads\\\/2023\\\/06\\\/97d27f51-6905-45b9-b9d5-cc6bd0e694a9.png\",\"contentUrl\":\"https:\\\/\\\/newlightdigital.com\\\/wp-content\\\/uploads\\\/2023\\\/06\\\/97d27f51-6905-45b9-b9d5-cc6bd0e694a9.png\",\"width\":571,\"height\":536},{\"@type\":\"BreadcrumbList\",\"@id\":\"https:\\\/\\\/newlightdigital.com\\\/ro\\\/ghidul-complet-pentru-prospectarea-vanzarilor\\\/#breadcrumb\",\"itemListElement\":[{\"@type\":\"ListItem\",\"position\":1,\"name\":\"Home\",\"item\":\"https:\\\/\\\/newlightdigital.com\\\/ro\\\/\"},{\"@type\":\"ListItem\",\"position\":2,\"name\":\"Ghidul complet pentru prospectarea v\u00e2nz\u0103rilor\"}]},{\"@type\":\"WebSite\",\"@id\":\"https:\\\/\\\/newlightdigital.com\\\/ro\\\/#website\",\"url\":\"https:\\\/\\\/newlightdigital.com\\\/ro\\\/\",\"name\":\"New Light Digital\",\"description\":\"Reap Tangible Results from Your Marketing\",\"publisher\":{\"@id\":\"https:\\\/\\\/newlightdigital.com\\\/ro\\\/#organization\"},\"potentialAction\":[{\"@type\":\"SearchAction\",\"target\":{\"@type\":\"EntryPoint\",\"urlTemplate\":\"https:\\\/\\\/newlightdigital.com\\\/ro\\\/?s={search_term_string}\"},\"query-input\":{\"@type\":\"PropertyValueSpecification\",\"valueRequired\":true,\"valueName\":\"search_term_string\"}}],\"inLanguage\":\"ro-RO\"},{\"@type\":\"Organization\",\"@id\":\"https:\\\/\\\/newlightdigital.com\\\/ro\\\/#organization\",\"name\":\"New Light Digital\",\"url\":\"https:\\\/\\\/newlightdigital.com\\\/ro\\\/\",\"logo\":{\"@type\":\"ImageObject\",\"inLanguage\":\"ro-RO\",\"@id\":\"https:\\\/\\\/newlightdigital.com\\\/ro\\\/#\\\/schema\\\/logo\\\/image\\\/\",\"url\":\"https:\\\/\\\/newlightdigital.com\\\/wp-content\\\/uploads\\\/2022\\\/07\\\/logo_red.png\",\"contentUrl\":\"https:\\\/\\\/newlightdigital.com\\\/wp-content\\\/uploads\\\/2022\\\/07\\\/logo_red.png\",\"width\":338,\"height\":85,\"caption\":\"New Light Digital\"},\"image\":{\"@id\":\"https:\\\/\\\/newlightdigital.com\\\/ro\\\/#\\\/schema\\\/logo\\\/image\\\/\"},\"sameAs\":[\"https:\\\/\\\/www.facebook.com\\\/newlightdigital\",\"https:\\\/\\\/x.com\\\/newlightdigital\",\"https:\\\/\\\/www.linkedin.com\\\/company\\\/29347636\\\/admin\\\/\",\"https:\\\/\\\/www.pinterest.com\\\/newlightdigital\\\/\",\"https:\\\/\\\/www.instagram.com\\\/newlightdigital\\\/\"]}]}<\/script>\n<!-- \/ Yoast SEO plugin. -->","yoast_head_json":{"title":"Ghidul complet pentru prospectarea v\u00e2nz\u0103rilor &#8212; New Light Digital","description":"Ce este prospectarea v\u00e2nz\u0103rilor? Sfaturi, perspective \u0219i tehnici pentru a reu\u0219i \u00een prospectarea v\u00e2nz\u0103rilor.","robots":{"index":"index","follow":"follow","max-snippet":"max-snippet:-1","max-image-preview":"max-image-preview:large","max-video-preview":"max-video-preview:-1"},"canonical":"https:\/\/newlightdigital.com\/ro\/ghidul-complet-pentru-prospectarea-vanzarilor\/","og_locale":"ro_RO","og_type":"article","og_title":"Ghidul complet pentru prospectarea v\u00e2nz\u0103rilor &#8212; New Light Digital","og_description":"Ce este prospectarea v\u00e2nz\u0103rilor? Sfaturi, perspective \u0219i tehnici pentru a reu\u0219i \u00een prospectarea v\u00e2nz\u0103rilor.","og_url":"https:\/\/newlightdigital.com\/ro\/ghidul-complet-pentru-prospectarea-vanzarilor\/","og_site_name":"New Light Digital","article_publisher":"https:\/\/www.facebook.com\/newlightdigital","article_modified_time":"2024-03-21T16:11:01+00:00","og_image":[{"width":571,"height":536,"url":"https:\/\/newlightdigital.com\/wp-content\/uploads\/2023\/06\/97d27f51-6905-45b9-b9d5-cc6bd0e694a9.png","type":"image\/png"}],"twitter_card":"summary_large_image","twitter_site":"@newlightdigital","twitter_misc":{"Timp estimat pentru citire":"1 minut"},"schema":{"@context":"https:\/\/schema.org","@graph":[{"@type":"WebPage","@id":"https:\/\/newlightdigital.com\/ro\/ghidul-complet-pentru-prospectarea-vanzarilor\/","url":"https:\/\/newlightdigital.com\/ro\/ghidul-complet-pentru-prospectarea-vanzarilor\/","name":"Ghidul complet pentru prospectarea v\u00e2nz\u0103rilor &#8212; New Light Digital","isPartOf":{"@id":"https:\/\/newlightdigital.com\/ro\/#website"},"primaryImageOfPage":{"@id":"https:\/\/newlightdigital.com\/ro\/ghidul-complet-pentru-prospectarea-vanzarilor\/#primaryimage"},"image":{"@id":"https:\/\/newlightdigital.com\/ro\/ghidul-complet-pentru-prospectarea-vanzarilor\/#primaryimage"},"thumbnailUrl":"https:\/\/newlightdigital.com\/wp-content\/uploads\/2023\/06\/97d27f51-6905-45b9-b9d5-cc6bd0e694a9.png","datePublished":"2023-10-26T14:34:00+00:00","dateModified":"2024-03-21T16:11:01+00:00","description":"Ce este prospectarea v\u00e2nz\u0103rilor? Sfaturi, perspective \u0219i tehnici pentru a reu\u0219i \u00een prospectarea v\u00e2nz\u0103rilor.","breadcrumb":{"@id":"https:\/\/newlightdigital.com\/ro\/ghidul-complet-pentru-prospectarea-vanzarilor\/#breadcrumb"},"inLanguage":"ro-RO","potentialAction":[{"@type":"ReadAction","target":["https:\/\/newlightdigital.com\/ro\/ghidul-complet-pentru-prospectarea-vanzarilor\/"]}]},{"@type":"ImageObject","inLanguage":"ro-RO","@id":"https:\/\/newlightdigital.com\/ro\/ghidul-complet-pentru-prospectarea-vanzarilor\/#primaryimage","url":"https:\/\/newlightdigital.com\/wp-content\/uploads\/2023\/06\/97d27f51-6905-45b9-b9d5-cc6bd0e694a9.png","contentUrl":"https:\/\/newlightdigital.com\/wp-content\/uploads\/2023\/06\/97d27f51-6905-45b9-b9d5-cc6bd0e694a9.png","width":571,"height":536},{"@type":"BreadcrumbList","@id":"https:\/\/newlightdigital.com\/ro\/ghidul-complet-pentru-prospectarea-vanzarilor\/#breadcrumb","itemListElement":[{"@type":"ListItem","position":1,"name":"Home","item":"https:\/\/newlightdigital.com\/ro\/"},{"@type":"ListItem","position":2,"name":"Ghidul complet pentru prospectarea v\u00e2nz\u0103rilor"}]},{"@type":"WebSite","@id":"https:\/\/newlightdigital.com\/ro\/#website","url":"https:\/\/newlightdigital.com\/ro\/","name":"New Light Digital","description":"Reap Tangible Results from Your Marketing","publisher":{"@id":"https:\/\/newlightdigital.com\/ro\/#organization"},"potentialAction":[{"@type":"SearchAction","target":{"@type":"EntryPoint","urlTemplate":"https:\/\/newlightdigital.com\/ro\/?s={search_term_string}"},"query-input":{"@type":"PropertyValueSpecification","valueRequired":true,"valueName":"search_term_string"}}],"inLanguage":"ro-RO"},{"@type":"Organization","@id":"https:\/\/newlightdigital.com\/ro\/#organization","name":"New Light Digital","url":"https:\/\/newlightdigital.com\/ro\/","logo":{"@type":"ImageObject","inLanguage":"ro-RO","@id":"https:\/\/newlightdigital.com\/ro\/#\/schema\/logo\/image\/","url":"https:\/\/newlightdigital.com\/wp-content\/uploads\/2022\/07\/logo_red.png","contentUrl":"https:\/\/newlightdigital.com\/wp-content\/uploads\/2022\/07\/logo_red.png","width":338,"height":85,"caption":"New Light Digital"},"image":{"@id":"https:\/\/newlightdigital.com\/ro\/#\/schema\/logo\/image\/"},"sameAs":["https:\/\/www.facebook.com\/newlightdigital","https:\/\/x.com\/newlightdigital","https:\/\/www.linkedin.com\/company\/29347636\/admin\/","https:\/\/www.pinterest.com\/newlightdigital\/","https:\/\/www.instagram.com\/newlightdigital\/"]}]}},"_links":{"self":[{"href":"https:\/\/newlightdigital.com\/ro\/wp-json\/wp\/v2\/pages\/10723","targetHints":{"allow":["GET"]}}],"collection":[{"href":"https:\/\/newlightdigital.com\/ro\/wp-json\/wp\/v2\/pages"}],"about":[{"href":"https:\/\/newlightdigital.com\/ro\/wp-json\/wp\/v2\/types\/page"}],"author":[{"embeddable":true,"href":"https:\/\/newlightdigital.com\/ro\/wp-json\/wp\/v2\/users\/2"}],"replies":[{"embeddable":true,"href":"https:\/\/newlightdigital.com\/ro\/wp-json\/wp\/v2\/comments?post=10723"}],"version-history":[{"count":0,"href":"https:\/\/newlightdigital.com\/ro\/wp-json\/wp\/v2\/pages\/10723\/revisions"}],"wp:featuredmedia":[{"embeddable":true,"href":"https:\/\/newlightdigital.com\/ro\/wp-json\/wp\/v2\/media\/9945"}],"wp:attachment":[{"href":"https:\/\/newlightdigital.com\/ro\/wp-json\/wp\/v2\/media?parent=10723"}],"curies":[{"name":"wp","href":"https:\/\/api.w.org\/{rel}","templated":true}]}}