{"id":10791,"date":"2022-07-20T16:40:08","date_gmt":"2022-07-20T16:40:08","guid":{"rendered":"https:\/\/newlightdigital.nldsite.com\/termeni-si-conditii\/"},"modified":"2025-03-11T12:02:26","modified_gmt":"2025-03-11T12:02:26","slug":"termeni-si-conditii","status":"publish","type":"page","link":"https:\/\/newlightdigital.com\/ro\/termeni-si-conditii\/","title":{"rendered":"Termeni \u0219i condi\u021bii"},"content":{"rendered":"\n<h1 class=\"wp-block-heading\"><strong>Termenii \u0219i condi\u021biile noastre<\/strong><\/h1>\n\n\n\n<p>Bine a\u021bi venit la New Light Digital!<\/p>\n\n\n\n<p>Ace\u0219ti termeni \u0219i condi\u021bii prezint\u0103 regulile \u0219i reglement\u0103rile pentru utilizarea site-ului New Light Digital, situat la newlightdigital.com.<\/p>\n\n\n\n<p>Prin accesarea acestui site, confirma\u021bi acceptarea acestor termeni \u0219i condi\u021bii. Nu continua\u021bi s\u0103 utiliza\u021bi New Light Digital dac\u0103 nu sunte\u021bi de acord cu toate termenii \u0219i condi\u021biile men\u021bionate pe aceast\u0103 pagin\u0103.<\/p>\n\n\n\n<p>Urm\u0103toarea terminologie se aplic\u0103 acestor termeni \u0219i condi\u021bii, declara\u021biei de confiden\u021bialitate \u0219i notific\u0103rii de declinare a responsabilit\u0103\u021bii \u0219i tuturor acordurilor: &#8222;Client&#8221;, &#8222;Dvs.&#8221; \u0219i &#8222;al dvs.&#8221; se refer\u0103 la dvs., persoana care acceseaz\u0103 acest site web \u0219i care respect\u0103 termenii \u0219i condi\u021biile New Light Digital. &#8222;Compania&#8221;, &#8222;Noi \u00een\u0219ine&#8221;, &#8222;Noi&#8221;, &#8222;Nostru&#8221; \u0219i &#8222;Nou\u0103&#8221;, se refer\u0103 la New Light Digital. &#8222;Parte&#8221;, &#8222;P\u0103r\u021bi&#8221; sau &#8222;Noi&#8221; se refer\u0103 at\u00e2t la Client, c\u00e2t \u0219i la noi \u00een\u0219ine. To\u021bi termenii se refer\u0103 la oferta, acceptarea \u0219i luarea \u00een considerare a pl\u0103\u021bii necesare pentru a \u00eentreprinde procesul de asisten\u021b\u0103 pentru Client \u00een modul cel mai adecvat \u00een scopul expres de a satisface nevoile Clientului \u00een ceea ce prive\u0219te furnizarea serviciilor declarate ale Companiei, \u00een conformitate cu \u0219i sub rezerva legisla\u021biei \u00een vigoare a Statelor Unite. Orice utilizare a terminologiei de mai sus sau a altor cuvinte la singular, plural, cu majuscule \u0219i\/sau el\/ea sau ei, sunt considerate interschimbabile \u0219i, prin urmare, ca referindu-se la acestea.<\/p>\n\n\n\n<h2 class=\"wp-block-heading\"><strong>Modulele cookie<\/strong><\/h2>\n\n\n\n<p>Folosim utilizarea cookie-urilor. Prin accesarea New Light Digital, a\u021bi fost de acord s\u0103 utiliza\u021bi cookie-uri \u00een acord cu Politica de confiden\u021bialitate a New Light Digital.<\/p>\n\n\n\n<p>Majoritatea site-urilor interactive folosesc cookie-uri pentru a ne permite s\u0103 prelu\u0103m detaliile utilizatorului pentru fiecare vizit\u0103. Cookie-urile sunt utilizate de site-ul nostru web pentru a permite func\u021bionalitatea anumitor zone pentru a facilita accesul persoanelor care viziteaz\u0103 site-ul nostru. Unii dintre partenerii no\u0219tri afilia\u021bi \/ publicitari pot utiliza, de asemenea, cookie-uri.<\/p>\n\n\n\n<h3 class=\"wp-block-heading\"><strong>Licen\u021b\u0103<\/strong><\/h3>\n\n\n\n<p>Cu excep\u021bia cazului \u00een care se prevede altfel, New Light Digital \u0219i \/ sau licen\u021biatorii s\u0103i de\u021bin drepturile de proprietate intelectual\u0103 pentru toate materialele de pe New Light Digital. Toate drepturile de proprietate intelectual\u0103 sunt rezervate. Pute\u021bi accesa acest lucru de la New Light Digital pentru uz personal, sub rezerva restric\u021biilor stabilite \u00een ace\u0219ti termeni \u0219i condi\u021bii.<\/p>\n\n\n\n<p>Nu trebuie:<\/p>\n\n\n\n<ul class=\"wp-block-list\">\n<li>Republica\u021bi materiale din New Light Digital<\/li>\n\n\n\n<li>Vinde\u021bi, \u00eenchiria\u021bi sau sublicen\u021bia\u021bi materiale de la New Light Digital<\/li>\n\n\n\n<li>Reproduce\u021bi, duplica\u021bi sau copia\u021bi materiale din New Light Digital<\/li>\n\n\n\n<li>Redistribui\u021bi con\u021binut din New Light Digital<\/li>\n<\/ul>\n\n\n\n<p>Prezentul Acord va \u00eencepe la data prezentei.<\/p>\n\n\n\n<p>Anumite p\u0103r\u021bi ale acestui site ofer\u0103 utilizatorilor posibilitatea de a posta \u0219i de a face schimb de opinii \u0219i informa\u021bii \u00een anumite zone ale site-ului. New Light Digital nu filtreaz\u0103, editeaz\u0103, public\u0103 sau revizuie\u0219te comentariile \u00eenainte de prezen\u021ba lor pe site. Comentariile nu reflect\u0103 punctele de vedere \u0219i opiniile New Light Digital, ale agen\u021bilor \u0219i \/ sau afilia\u021bilor s\u0103i. Comentariile reflect\u0103 punctele de vedere \u0219i opiniile persoanei care \u0219i-a postat punctele de vedere \u0219i opiniile. \u00cen m\u0103sura permis\u0103 de legile aplicabile, New Light Digital nu va fi r\u0103spunz\u0103tor pentru comentarii sau pentru orice r\u0103spundere, daune sau cheltuieli cauzate \u0219i \/ sau suferite ca urmare a oric\u0103rei utiliz\u0103ri \u0219i \/ sau postare \u0219i \/ sau apari\u021bia comentariilor pe acest site.<\/p>\n\n\n\n<p>New Light Digital \u00ee\u0219i rezerv\u0103 dreptul de a monitoriza toate comentariile \u0219i de a elimina orice comentarii care pot fi considerate inadecvate, ofensatoare sau cauzeaz\u0103 \u00eenc\u0103lcarea acestor termeni \u0219i condi\u021bii.<\/p>\n\n\n\n<p>Garanta\u021bi \u0219i declara\u021bi c\u0103:<\/p>\n\n\n\n<ul class=\"wp-block-list\">\n<li>Ave\u021bi dreptul s\u0103 posta\u021bi comentariile pe site-ul nostru \u0219i ave\u021bi toate licen\u021bele \u0219i acordurile necesare pentru a face acest lucru;<\/li>\n\n\n\n<li>Comentariile nu invadeaz\u0103 niciun drept de proprietate intelectual\u0103, inclusiv, f\u0103r\u0103 limitare, drepturile de autor, brevetele sau m\u0103rcile comerciale ale oric\u0103rei ter\u021be p\u0103r\u021bi;<\/li>\n\n\n\n<li>Comentariile nu con\u021bin niciun material def\u0103im\u0103tor, calomnios, ofensator, indecent sau ilegal \u00een alt mod, care reprezint\u0103 o invazie a vie\u021bii private<\/li>\n\n\n\n<li>Comentariile nu vor fi folosite pentru a solicita sau promova afaceri sau obiceiuri sau pentru a prezenta activit\u0103\u021bi comerciale sau activit\u0103\u021bi ilegale.<\/li>\n<\/ul>\n\n\n\n<p>Prin prezenta, acorda\u021bi New Light Digital o licen\u021b\u0103 neexclusiv\u0103 de a utiliza, reproduce, edita \u0219i autoriza pe al\u021bii s\u0103 utilizeze, reproduce \u0219i edita oricare dintre comentariile dumneavoastr\u0103 \u00een orice form\u0103, formate sau media.<\/p>\n\n\n\n<h3 class=\"wp-block-heading\"><strong>Hyperlink c\u0103tre con\u021binutul nostru<\/strong><\/h3>\n\n\n\n<p>Urm\u0103toarele organiza\u021bii se pot conecta la site-ul nostru f\u0103r\u0103 aprobarea prealabil\u0103 scris\u0103:<\/p>\n\n\n\n<ul class=\"wp-block-list\">\n<li>Agen\u021bii guvernamentale;<\/li>\n\n\n\n<li>Motoare de c\u0103utare;<\/li>\n\n\n\n<li>Organiza\u021bii de \u0219tiri;<\/li>\n\n\n\n<li>Distribuitorii de directoare online se pot conecta la site-ul nostru \u00een acela\u0219i mod \u00een care fac hyperlink la site-urile web ale altor companii listate; \u0219i<\/li>\n\n\n\n<li>Afaceri acreditate la nivel de sistem, cu excep\u021bia solicit\u0103rii organiza\u021biilor non-profit, a mall-urilor de caritate \u0219i a grupurilor de str\u00e2ngere de fonduri de caritate care nu pot face hyperlink la site-ul nostru Web.<\/li>\n<\/ul>\n\n\n\n<p>Aceste organiza\u021bii se pot conecta la pagina noastr\u0103 de pornire, la publica\u021bii sau la alte informa\u021bii ale site-ului web, at\u00e2ta timp c\u00e2t linkul: (a) nu este \u00een niciun fel \u00een\u0219el\u0103toare; (b) nu implic\u0103 \u00een mod fals sponsorizarea, aprobarea sau aprobarea p\u0103r\u021bii care leag\u0103 \u0219i a produselor \u0219i\/sau serviciilor sale; \u0219i (c) se \u00eencadreaz\u0103 \u00een contextul site-ului p\u0103r\u021bii care face leg\u0103tura.<\/p>\n\n\n\n<p>Putem lua \u00een considerare \u0219i aproba alte solicit\u0103ri de linkuri de la urm\u0103toarele tipuri de organiza\u021bii:<\/p>\n\n\n\n<ul class=\"wp-block-list\">\n<li>surse de informare cunoscute \u00een mod obi\u0219nuit pentru consumatori \u0219i\/sau \u00eentreprinderi;<\/li>\n\n\n\n<li>dot.com site-uri comunitare;<\/li>\n\n\n\n<li>asocia\u021bii sau alte grupuri care reprezint\u0103 organiza\u021bii caritabile;<\/li>\n\n\n\n<li>distribuitori de directoare online;<\/li>\n\n\n\n<li>portaluri de internet;<\/li>\n\n\n\n<li>firme de contabilitate, avocatur\u0103 \u0219i consultan\u021b\u0103; \u0219i<\/li>\n\n\n\n<li>institu\u021bii de \u00eenv\u0103\u021b\u0103m\u00e2nt \u0219i asocia\u021bii comerciale.<\/li>\n<\/ul>\n\n\n\n<p>Vom aproba solicit\u0103rile de conectare din partea acestor organiza\u021bii dac\u0103 decidem c\u0103: (a) leg\u0103tura nu ne-ar face s\u0103 privim nefavorabil pentru noi \u00een\u0219ine sau pentru afacerile noastre acreditate; (b) organiza\u021bia nu are \u00eenregistr\u0103ri negative la noi; (c) beneficiul pentru noi din vizibilitatea hyperlink-ului compenseaz\u0103 absen\u021ba New Light Digital; \u0219i (d) leg\u0103tura se face \u00een contextul informa\u021biilor generale privind resursele.<\/p>\n\n\n\n<p>Aceste organiza\u021bii se pot conecta la pagina noastr\u0103 de pornire at\u00e2ta timp c\u00e2t linkul: (a) nu este \u00een niciun fel \u00een\u0219el\u0103toare; (b) nu implic\u0103 \u00een mod fals sponsorizarea, aprobarea sau aprobarea p\u0103r\u021bii care leag\u0103 \u0219i a produselor sau serviciilor sale; \u0219i (c) se \u00eencadreaz\u0103 \u00een contextul site-ului p\u0103r\u021bii care face leg\u0103tura.<\/p>\n\n\n\n<p>Dac\u0103 sunte\u021bi una dintre organiza\u021biile enumerate \u00een paragraful 2 de mai sus \u0219i sunte\u021bi interesat s\u0103 v\u0103 conecta\u021bi la site-ul nostru, trebuie s\u0103 ne informa\u021bi prin trimiterea unui e-mail la New Light Digital. V\u0103 rug\u0103m s\u0103 include\u021bi numele dvs., numele organiza\u021biei, informa\u021biile de contact, precum \u0219i adresa URL a site-ului dvs., o list\u0103 a oric\u0103ror adrese URL de la care inten\u021biona\u021bi s\u0103 v\u0103 conecta\u021bi la site-ul nostru web \u0219i o list\u0103 a adreselor URL de pe site-ul nostru la care dori\u021bi s\u0103 v\u0103 conecta\u021bi. A\u0219tepta\u021bi 2-3 s\u0103pt\u0103m\u00e2ni pentru un r\u0103spuns.<\/p>\n\n\n\n<p>Organiza\u021biile aprobate pot face hyperlink c\u0103tre site-ul nostru web dup\u0103 cum urmeaz\u0103:<\/p>\n\n\n\n<ul class=\"wp-block-list\">\n<li>Prin utilizarea denumirii companiei noastre; sau<\/li>\n\n\n\n<li>Prin utilizarea localizatorului uniform de resurse la care este conectat; sau<\/li>\n\n\n\n<li>Prin utilizarea oric\u0103rei alte descrieri a site-ului nostru web care este legat de acest lucru are sens \u00een contextul \u0219i formatul con\u021binutului de pe site-ul p\u0103r\u021bii care face leg\u0103tura.<\/li>\n<\/ul>\n\n\n\n<p>Nu va fi permis\u0103 utilizarea logo-ului New Light Digital sau a altor lucr\u0103ri de art\u0103 pentru conectarea \u00een absen\u021ba unui acord de licen\u021b\u0103 a m\u0103rcii comerciale.<\/p>\n\n\n\n<h3 class=\"wp-block-heading\"><strong>iFrame-uri<\/strong><\/h3>\n\n\n\n<p>F\u0103r\u0103 aprobare prealabil\u0103 \u0219i permisiune scris\u0103, nu pute\u021bi crea cadre \u00een jurul paginilor noastre web care modific\u0103 \u00een vreun fel prezentarea vizual\u0103 sau aspectul site-ului nostru.<\/p>\n\n\n\n<h3 class=\"wp-block-heading\"><strong>R\u0103spunderea pentru con\u021binut<\/strong><\/h3>\n\n\n\n<p>Nu vom fi tra\u0219i la r\u0103spundere pentru niciun con\u021binut care apare pe site-ul dvs. Sunte\u021bi de acord s\u0103 ne proteja\u021bi \u0219i s\u0103 ne ap\u0103ra\u021bi \u00eempotriva tuturor preten\u021biilor care apar pe site-ul dvs. Niciun link nu trebuie s\u0103 apar\u0103 pe niciun site web care poate fi interpretat ca fiind calomnios, obscen sau criminal sau care \u00eencalc\u0103, \u00eencalc\u0103 \u00een alt mod sau sus\u021bine \u00eenc\u0103lcarea sau alt\u0103 \u00eenc\u0103lcare a drepturilor ter\u021bilor.<\/p>\n\n\n\n<h3 class=\"wp-block-heading\"><strong>Confiden\u021bialitatea dvs.<\/strong><\/h3>\n\n\n\n<p>V\u0103 rug\u0103m s\u0103 citi\u021bi Politica de confiden\u021bialitate<\/p>\n\n\n\n<h3 class=\"wp-block-heading\"><strong>Rezervarea drepturilor<\/strong><\/h3>\n\n\n\n<p>Ne rezerv\u0103m dreptul de a v\u0103 solicita s\u0103 elimina\u021bi toate linkurile sau orice link special c\u0103tre site-ul nostru. Sunte\u021bi de acord s\u0103 elimina\u021bi imediat toate linkurile c\u0103tre site-ul nostru, la cerere. De asemenea, ne rezerv\u0103m dreptul de a modifica ace\u0219ti termeni \u0219i condi\u021bii \u0219i politica de conectare \u00een orice moment. Prin conectarea continu\u0103 la site-ul nostru, sunte\u021bi de acord s\u0103 fi\u021bi obligat \u0219i s\u0103 urma\u021bi ace\u0219ti termeni \u0219i condi\u021bii de conectare.<\/p>\n\n\n\n<h3 class=\"wp-block-heading\"><strong>Eliminarea link-urilor de pe site-ul nostru<\/strong><\/h3>\n\n\n\n<p>Dac\u0103 g\u0103si\u021bi orice link pe site-ul nostru care este ofensator din orice motiv, sunte\u021bi liber s\u0103 ne contacta\u021bi \u0219i s\u0103 ne informa\u021bi \u00een orice moment. Vom lua \u00een considerare solicit\u0103rile de eliminare a linkurilor, dar nu suntem obliga\u021bi s\u0103 v\u0103 r\u0103spundem direct.<\/p>\n\n\n\n<p>Nu ne asigur\u0103m c\u0103 informa\u021biile de pe acest site sunt corecte, nu garant\u0103m exhaustivitatea sau acurate\u021bea acestora; Nici nu promitem s\u0103 ne asigur\u0103m c\u0103 site-ul web r\u0103m\u00e2ne disponibil sau c\u0103 materialul de pe site este actualizat.<\/p>\n\n\n\n<h3 class=\"wp-block-heading\"><strong>Disclaimer<\/strong><\/h3>\n\n\n\n<p>\u00cen m\u0103sura maxim\u0103 permis\u0103 de legea aplicabil\u0103, excludem toate declara\u021biile, garan\u021biile \u0219i condi\u021biile referitoare la site-ul nostru web \u0219i la utilizarea acestui site web. Nimic din aceast\u0103 declinare a responsabilit\u0103\u021bii nu va:<\/p>\n\n\n\n<ul class=\"wp-block-list\">\n<li>limitarea sau excluderea r\u0103spunderii noastre sau a dumneavoastr\u0103 pentru deces sau v\u0103t\u0103mare corporal\u0103;<\/li>\n\n\n\n<li>s\u0103 limiteze sau s\u0103 exclud\u0103 r\u0103spunderea noastr\u0103 sau a dumneavoastr\u0103 pentru fraud\u0103 sau denaturare frauduloas\u0103;<\/li>\n\n\n\n<li>s\u0103 limita\u021bi oricare dintre responsabilit\u0103\u021bile noastre sau ale dvs. \u00een orice mod care nu este permis de legisla\u021bia aplicabil\u0103; sau<\/li>\n\n\n\n<li>exclude\u021bi oricare dintre obliga\u021biile noastre sau ale dvs. care nu pot fi excluse \u00een conformitate cu legisla\u021bia aplicabil\u0103.<\/li>\n<\/ul>\n\n\n\n<p>Limit\u0103rile \u0219i interdic\u021biile de r\u0103spundere stabilite \u00een aceast\u0103 sec\u021biune \u0219i \u00een alt\u0103 parte \u00een aceast\u0103 declinare a responsabilit\u0103\u021bii: (a) fac obiectul alineatului precedent; \u0219i (b) reglementeaz\u0103 toate responsabilit\u0103\u021bile care decurg din declinarea responsabilit\u0103\u021bii, inclusiv responsabilit\u0103\u021bile care decurg din contract, delictuale \u0219i pentru \u00eenc\u0103lcarea obliga\u021biilor legale.<\/p>\n\n\n\n<p>At\u00e2ta timp c\u00e2t site-ul web \u0219i informa\u021biile \u0219i serviciile de pe site sunt furnizate gratuit, nu vom fi r\u0103spunz\u0103tori pentru nicio pierdere sau daun\u0103 de orice natur\u0103.<\/p>\n","protected":false},"excerpt":{"rendered":"<p>Termenii \u0219i condi\u021biile noastre Bine a\u021bi venit la New Light Digital! Ace\u0219ti termeni \u0219i condi\u021bii prezint\u0103 regulile \u0219i reglement\u0103rile pentru utilizarea site-ului New Light Digital, situat la newlightdigital.com. Prin accesarea acestui site, confirma\u021bi acceptarea acestor termeni \u0219i condi\u021bii. Nu continua\u021bi s\u0103 utiliza\u021bi New Light Digital dac\u0103 nu sunte\u021bi de acord cu toate termenii \u0219i condi\u021biile [&hellip;]<\/p>\n","protected":false},"author":2,"featured_media":0,"parent":0,"menu_order":0,"comment_status":"closed","ping_status":"closed","template":"","meta":{"_acf_changed":false,"footnotes":""},"class_list":["post-10791","page","type-page","status-publish","hentry"],"acf":[],"yoast_head":"<!-- This site is optimized with the Yoast SEO plugin v27.3 - https:\/\/yoast.com\/product\/yoast-seo-wordpress\/ -->\n<title>Termeni \u0219i condi\u021bii &#8212; New Light Digital<\/title>\n<meta name=\"description\" content=\"Termeni \u0219i condi\u021bii, confiden\u021bialitate \u0219i politica privind cookie-urile - New Light Digital.\" \/>\n<meta name=\"robots\" content=\"index, follow, max-snippet:-1, max-image-preview:large, max-video-preview:-1\" \/>\n<link rel=\"canonical\" href=\"https:\/\/newlightdigital.com\/ro\/termeni-si-conditii\/\" \/>\n<meta property=\"og:locale\" content=\"ro_RO\" \/>\n<meta property=\"og:type\" content=\"article\" \/>\n<meta property=\"og:title\" content=\"Termeni \u0219i condi\u021bii &#8212; New Light Digital\" \/>\n<meta property=\"og:description\" content=\"Termeni \u0219i condi\u021bii, confiden\u021bialitate \u0219i politica privind cookie-urile - New Light Digital.\" \/>\n<meta property=\"og:url\" content=\"https:\/\/newlightdigital.com\/ro\/termeni-si-conditii\/\" \/>\n<meta property=\"og:site_name\" content=\"New Light Digital\" \/>\n<meta property=\"article:publisher\" content=\"https:\/\/www.facebook.com\/newlightdigital\" \/>\n<meta property=\"article:modified_time\" content=\"2025-03-11T12:02:26+00:00\" \/>\n<meta name=\"twitter:card\" content=\"summary_large_image\" \/>\n<meta name=\"twitter:site\" content=\"@newlightdigital\" \/>\n<meta name=\"twitter:label1\" content=\"Timp estimat pentru citire\" \/>\n\t<meta name=\"twitter:data1\" content=\"7 minut\" \/>\n<script type=\"application\/ld+json\" class=\"yoast-schema-graph\">{\"@context\":\"https:\\\/\\\/schema.org\",\"@graph\":[{\"@type\":\"WebPage\",\"@id\":\"https:\\\/\\\/newlightdigital.com\\\/ro\\\/termeni-si-conditii\\\/\",\"url\":\"https:\\\/\\\/newlightdigital.com\\\/ro\\\/termeni-si-conditii\\\/\",\"name\":\"Termeni \u0219i condi\u021bii &#8212; New Light Digital\",\"isPartOf\":{\"@id\":\"https:\\\/\\\/newlightdigital.com\\\/ro\\\/#website\"},\"datePublished\":\"2022-07-20T16:40:08+00:00\",\"dateModified\":\"2025-03-11T12:02:26+00:00\",\"description\":\"Termeni \u0219i condi\u021bii, confiden\u021bialitate \u0219i politica privind cookie-urile - New Light Digital.\",\"breadcrumb\":{\"@id\":\"https:\\\/\\\/newlightdigital.com\\\/ro\\\/termeni-si-conditii\\\/#breadcrumb\"},\"inLanguage\":\"ro-RO\",\"potentialAction\":[{\"@type\":\"ReadAction\",\"target\":[\"https:\\\/\\\/newlightdigital.com\\\/ro\\\/termeni-si-conditii\\\/\"]}]},{\"@type\":\"BreadcrumbList\",\"@id\":\"https:\\\/\\\/newlightdigital.com\\\/ro\\\/termeni-si-conditii\\\/#breadcrumb\",\"itemListElement\":[{\"@type\":\"ListItem\",\"position\":1,\"name\":\"Home\",\"item\":\"https:\\\/\\\/newlightdigital.com\\\/ro\\\/\"},{\"@type\":\"ListItem\",\"position\":2,\"name\":\"Termeni \u0219i condi\u021bii\"}]},{\"@type\":\"WebSite\",\"@id\":\"https:\\\/\\\/newlightdigital.com\\\/ro\\\/#website\",\"url\":\"https:\\\/\\\/newlightdigital.com\\\/ro\\\/\",\"name\":\"New Light Digital\",\"description\":\"Reap Tangible Results from Your Marketing\",\"publisher\":{\"@id\":\"https:\\\/\\\/newlightdigital.com\\\/ro\\\/#organization\"},\"potentialAction\":[{\"@type\":\"SearchAction\",\"target\":{\"@type\":\"EntryPoint\",\"urlTemplate\":\"https:\\\/\\\/newlightdigital.com\\\/ro\\\/?s={search_term_string}\"},\"query-input\":{\"@type\":\"PropertyValueSpecification\",\"valueRequired\":true,\"valueName\":\"search_term_string\"}}],\"inLanguage\":\"ro-RO\"},{\"@type\":\"Organization\",\"@id\":\"https:\\\/\\\/newlightdigital.com\\\/ro\\\/#organization\",\"name\":\"New Light Digital\",\"url\":\"https:\\\/\\\/newlightdigital.com\\\/ro\\\/\",\"logo\":{\"@type\":\"ImageObject\",\"inLanguage\":\"ro-RO\",\"@id\":\"https:\\\/\\\/newlightdigital.com\\\/ro\\\/#\\\/schema\\\/logo\\\/image\\\/\",\"url\":\"https:\\\/\\\/newlightdigital.com\\\/wp-content\\\/uploads\\\/2022\\\/07\\\/logo_red.png\",\"contentUrl\":\"https:\\\/\\\/newlightdigital.com\\\/wp-content\\\/uploads\\\/2022\\\/07\\\/logo_red.png\",\"width\":338,\"height\":85,\"caption\":\"New Light Digital\"},\"image\":{\"@id\":\"https:\\\/\\\/newlightdigital.com\\\/ro\\\/#\\\/schema\\\/logo\\\/image\\\/\"},\"sameAs\":[\"https:\\\/\\\/www.facebook.com\\\/newlightdigital\",\"https:\\\/\\\/x.com\\\/newlightdigital\",\"https:\\\/\\\/www.linkedin.com\\\/company\\\/29347636\\\/admin\\\/\",\"https:\\\/\\\/www.pinterest.com\\\/newlightdigital\\\/\",\"https:\\\/\\\/www.instagram.com\\\/newlightdigital\\\/\"]}]}<\/script>\n<!-- \/ Yoast SEO plugin. -->","yoast_head_json":{"title":"Termeni \u0219i condi\u021bii &#8212; New Light Digital","description":"Termeni \u0219i condi\u021bii, confiden\u021bialitate \u0219i politica privind cookie-urile - New Light Digital.","robots":{"index":"index","follow":"follow","max-snippet":"max-snippet:-1","max-image-preview":"max-image-preview:large","max-video-preview":"max-video-preview:-1"},"canonical":"https:\/\/newlightdigital.com\/ro\/termeni-si-conditii\/","og_locale":"ro_RO","og_type":"article","og_title":"Termeni \u0219i condi\u021bii &#8212; New Light Digital","og_description":"Termeni \u0219i condi\u021bii, confiden\u021bialitate \u0219i politica privind cookie-urile - New Light Digital.","og_url":"https:\/\/newlightdigital.com\/ro\/termeni-si-conditii\/","og_site_name":"New Light Digital","article_publisher":"https:\/\/www.facebook.com\/newlightdigital","article_modified_time":"2025-03-11T12:02:26+00:00","twitter_card":"summary_large_image","twitter_site":"@newlightdigital","twitter_misc":{"Timp estimat pentru citire":"7 minut"},"schema":{"@context":"https:\/\/schema.org","@graph":[{"@type":"WebPage","@id":"https:\/\/newlightdigital.com\/ro\/termeni-si-conditii\/","url":"https:\/\/newlightdigital.com\/ro\/termeni-si-conditii\/","name":"Termeni \u0219i condi\u021bii &#8212; New Light Digital","isPartOf":{"@id":"https:\/\/newlightdigital.com\/ro\/#website"},"datePublished":"2022-07-20T16:40:08+00:00","dateModified":"2025-03-11T12:02:26+00:00","description":"Termeni \u0219i condi\u021bii, confiden\u021bialitate \u0219i politica privind cookie-urile - New Light Digital.","breadcrumb":{"@id":"https:\/\/newlightdigital.com\/ro\/termeni-si-conditii\/#breadcrumb"},"inLanguage":"ro-RO","potentialAction":[{"@type":"ReadAction","target":["https:\/\/newlightdigital.com\/ro\/termeni-si-conditii\/"]}]},{"@type":"BreadcrumbList","@id":"https:\/\/newlightdigital.com\/ro\/termeni-si-conditii\/#breadcrumb","itemListElement":[{"@type":"ListItem","position":1,"name":"Home","item":"https:\/\/newlightdigital.com\/ro\/"},{"@type":"ListItem","position":2,"name":"Termeni \u0219i condi\u021bii"}]},{"@type":"WebSite","@id":"https:\/\/newlightdigital.com\/ro\/#website","url":"https:\/\/newlightdigital.com\/ro\/","name":"New Light Digital","description":"Reap Tangible Results from Your Marketing","publisher":{"@id":"https:\/\/newlightdigital.com\/ro\/#organization"},"potentialAction":[{"@type":"SearchAction","target":{"@type":"EntryPoint","urlTemplate":"https:\/\/newlightdigital.com\/ro\/?s={search_term_string}"},"query-input":{"@type":"PropertyValueSpecification","valueRequired":true,"valueName":"search_term_string"}}],"inLanguage":"ro-RO"},{"@type":"Organization","@id":"https:\/\/newlightdigital.com\/ro\/#organization","name":"New Light Digital","url":"https:\/\/newlightdigital.com\/ro\/","logo":{"@type":"ImageObject","inLanguage":"ro-RO","@id":"https:\/\/newlightdigital.com\/ro\/#\/schema\/logo\/image\/","url":"https:\/\/newlightdigital.com\/wp-content\/uploads\/2022\/07\/logo_red.png","contentUrl":"https:\/\/newlightdigital.com\/wp-content\/uploads\/2022\/07\/logo_red.png","width":338,"height":85,"caption":"New Light Digital"},"image":{"@id":"https:\/\/newlightdigital.com\/ro\/#\/schema\/logo\/image\/"},"sameAs":["https:\/\/www.facebook.com\/newlightdigital","https:\/\/x.com\/newlightdigital","https:\/\/www.linkedin.com\/company\/29347636\/admin\/","https:\/\/www.pinterest.com\/newlightdigital\/","https:\/\/www.instagram.com\/newlightdigital\/"]}]}},"_links":{"self":[{"href":"https:\/\/newlightdigital.com\/ro\/wp-json\/wp\/v2\/pages\/10791","targetHints":{"allow":["GET"]}}],"collection":[{"href":"https:\/\/newlightdigital.com\/ro\/wp-json\/wp\/v2\/pages"}],"about":[{"href":"https:\/\/newlightdigital.com\/ro\/wp-json\/wp\/v2\/types\/page"}],"author":[{"embeddable":true,"href":"https:\/\/newlightdigital.com\/ro\/wp-json\/wp\/v2\/users\/2"}],"replies":[{"embeddable":true,"href":"https:\/\/newlightdigital.com\/ro\/wp-json\/wp\/v2\/comments?post=10791"}],"version-history":[{"count":0,"href":"https:\/\/newlightdigital.com\/ro\/wp-json\/wp\/v2\/pages\/10791\/revisions"}],"wp:attachment":[{"href":"https:\/\/newlightdigital.com\/ro\/wp-json\/wp\/v2\/media?parent=10791"}],"curies":[{"name":"wp","href":"https:\/\/api.w.org\/{rel}","templated":true}]}}