{"id":10808,"date":"2024-02-18T09:15:00","date_gmt":"2024-02-18T09:15:00","guid":{"rendered":"https:\/\/newlightdigital.nldsite.com\/publicarea-de-continut-terta-parte-pentru-a-va-stimula-personalul-si-afacerea-de-recrutare\/"},"modified":"2024-08-29T13:06:06","modified_gmt":"2024-08-29T13:06:06","slug":"publicare-continut-marketing-recrutare","status":"publish","type":"page","link":"https:\/\/newlightdigital.com\/ro\/publicare-continut-marketing-recrutare\/","title":{"rendered":"Publicarea de con\u021binut ter\u021b\u0103 parte pentru a v\u0103 stimula personalul \u0219i afacerea de recrutare"},"content":{"rendered":"","protected":false},"excerpt":{"rendered":"","protected":false},"author":2,"featured_media":9923,"parent":0,"menu_order":0,"comment_status":"closed","ping_status":"closed","template":"page-landing.php","meta":{"_acf_changed":false,"footnotes":""},"class_list":["post-10808","page","type-page","status-publish","has-post-thumbnail","hentry"],"acf":[],"yoast_head":"<!-- This site is optimized with the Yoast SEO plugin v27.5 - https:\/\/yoast.com\/product\/yoast-seo-wordpress\/ -->\n<title>Publicare con\u021binut ter\u021b\u0103 parte pentru afacere de recrutare<\/title>\n<meta name=\"description\" content=\"Companiile de recrutare \u0219i recrutare care doresc s\u0103 construiasc\u0103 o strategie de con\u021binut ar trebui s\u0103 ia \u00een considerare modul \u00een care publicarea con\u021binutului ter\u021bilor le-ar putea aduce beneficii.\" \/>\n<meta name=\"robots\" content=\"index, follow, max-snippet:-1, max-image-preview:large, max-video-preview:-1\" \/>\n<link rel=\"canonical\" href=\"https:\/\/newlightdigital.com\/ro\/publicare-continut-marketing-recrutare\/\" \/>\n<meta property=\"og:locale\" content=\"ro_RO\" \/>\n<meta property=\"og:type\" content=\"article\" \/>\n<meta property=\"og:title\" content=\"Publicare con\u021binut ter\u021b\u0103 parte pentru afacere de recrutare\" \/>\n<meta property=\"og:description\" content=\"Companiile de recrutare \u0219i recrutare care doresc s\u0103 construiasc\u0103 o strategie de con\u021binut ar trebui s\u0103 ia \u00een considerare modul \u00een care publicarea con\u021binutului ter\u021bilor le-ar putea aduce beneficii.\" \/>\n<meta property=\"og:url\" content=\"https:\/\/newlightdigital.com\/ro\/publicare-continut-marketing-recrutare\/\" \/>\n<meta property=\"og:site_name\" content=\"New Light Digital\" \/>\n<meta property=\"article:publisher\" content=\"https:\/\/www.facebook.com\/newlightdigital\" \/>\n<meta property=\"article:modified_time\" content=\"2024-08-29T13:06:06+00:00\" \/>\n<meta property=\"og:image\" content=\"https:\/\/newlightdigital.com\/wp-content\/uploads\/2023\/05\/Publishing-Third-Party-Content-to-Boost-Your-Staffing-and-Recruiting-Business.png\" \/>\n\t<meta property=\"og:image:width\" content=\"800\" \/>\n\t<meta property=\"og:image:height\" content=\"800\" \/>\n\t<meta property=\"og:image:type\" content=\"image\/png\" \/>\n<meta name=\"twitter:card\" content=\"summary_large_image\" \/>\n<meta name=\"twitter:site\" content=\"@newlightdigital\" \/>\n<meta name=\"twitter:label1\" content=\"Timp estimat pentru citire\" \/>\n\t<meta name=\"twitter:data1\" content=\"1 minut\" \/>\n<script type=\"application\/ld+json\" class=\"yoast-schema-graph\">{\"@context\":\"https:\\\/\\\/schema.org\",\"@graph\":[{\"@type\":\"WebPage\",\"@id\":\"https:\\\/\\\/newlightdigital.com\\\/ro\\\/publicare-continut-marketing-recrutare\\\/\",\"url\":\"https:\\\/\\\/newlightdigital.com\\\/ro\\\/publicare-continut-marketing-recrutare\\\/\",\"name\":\"Publicare con\u021binut ter\u021b\u0103 parte pentru afacere de recrutare\",\"isPartOf\":{\"@id\":\"https:\\\/\\\/newlightdigital.com\\\/ro\\\/#website\"},\"primaryImageOfPage\":{\"@id\":\"https:\\\/\\\/newlightdigital.com\\\/ro\\\/publicare-continut-marketing-recrutare\\\/#primaryimage\"},\"image\":{\"@id\":\"https:\\\/\\\/newlightdigital.com\\\/ro\\\/publicare-continut-marketing-recrutare\\\/#primaryimage\"},\"thumbnailUrl\":\"https:\\\/\\\/newlightdigital.com\\\/wp-content\\\/uploads\\\/2023\\\/05\\\/Publishing-Third-Party-Content-to-Boost-Your-Staffing-and-Recruiting-Business.png\",\"datePublished\":\"2024-02-18T09:15:00+00:00\",\"dateModified\":\"2024-08-29T13:06:06+00:00\",\"description\":\"Companiile de recrutare \u0219i recrutare care doresc s\u0103 construiasc\u0103 o strategie de con\u021binut ar trebui s\u0103 ia \u00een considerare modul \u00een care publicarea con\u021binutului ter\u021bilor le-ar putea aduce beneficii.\",\"breadcrumb\":{\"@id\":\"https:\\\/\\\/newlightdigital.com\\\/ro\\\/publicare-continut-marketing-recrutare\\\/#breadcrumb\"},\"inLanguage\":\"ro-RO\",\"potentialAction\":[{\"@type\":\"ReadAction\",\"target\":[\"https:\\\/\\\/newlightdigital.com\\\/ro\\\/publicare-continut-marketing-recrutare\\\/\"]}]},{\"@type\":\"ImageObject\",\"inLanguage\":\"ro-RO\",\"@id\":\"https:\\\/\\\/newlightdigital.com\\\/ro\\\/publicare-continut-marketing-recrutare\\\/#primaryimage\",\"url\":\"https:\\\/\\\/newlightdigital.com\\\/wp-content\\\/uploads\\\/2023\\\/05\\\/Publishing-Third-Party-Content-to-Boost-Your-Staffing-and-Recruiting-Business.png\",\"contentUrl\":\"https:\\\/\\\/newlightdigital.com\\\/wp-content\\\/uploads\\\/2023\\\/05\\\/Publishing-Third-Party-Content-to-Boost-Your-Staffing-and-Recruiting-Business.png\",\"width\":800,\"height\":800},{\"@type\":\"BreadcrumbList\",\"@id\":\"https:\\\/\\\/newlightdigital.com\\\/ro\\\/publicare-continut-marketing-recrutare\\\/#breadcrumb\",\"itemListElement\":[{\"@type\":\"ListItem\",\"position\":1,\"name\":\"Home\",\"item\":\"https:\\\/\\\/newlightdigital.com\\\/ro\\\/\"},{\"@type\":\"ListItem\",\"position\":2,\"name\":\"Publicarea de con\u021binut ter\u021b\u0103 parte pentru a v\u0103 stimula personalul \u0219i afacerea de recrutare\"}]},{\"@type\":\"WebSite\",\"@id\":\"https:\\\/\\\/newlightdigital.com\\\/ro\\\/#website\",\"url\":\"https:\\\/\\\/newlightdigital.com\\\/ro\\\/\",\"name\":\"New Light Digital\",\"description\":\"Reap Tangible Results from Your Marketing\",\"publisher\":{\"@id\":\"https:\\\/\\\/newlightdigital.com\\\/ro\\\/#organization\"},\"potentialAction\":[{\"@type\":\"SearchAction\",\"target\":{\"@type\":\"EntryPoint\",\"urlTemplate\":\"https:\\\/\\\/newlightdigital.com\\\/ro\\\/?s={search_term_string}\"},\"query-input\":{\"@type\":\"PropertyValueSpecification\",\"valueRequired\":true,\"valueName\":\"search_term_string\"}}],\"inLanguage\":\"ro-RO\"},{\"@type\":\"Organization\",\"@id\":\"https:\\\/\\\/newlightdigital.com\\\/ro\\\/#organization\",\"name\":\"New Light Digital\",\"url\":\"https:\\\/\\\/newlightdigital.com\\\/ro\\\/\",\"logo\":{\"@type\":\"ImageObject\",\"inLanguage\":\"ro-RO\",\"@id\":\"https:\\\/\\\/newlightdigital.com\\\/ro\\\/#\\\/schema\\\/logo\\\/image\\\/\",\"url\":\"https:\\\/\\\/newlightdigital.com\\\/wp-content\\\/uploads\\\/2022\\\/07\\\/logo_red.png\",\"contentUrl\":\"https:\\\/\\\/newlightdigital.com\\\/wp-content\\\/uploads\\\/2022\\\/07\\\/logo_red.png\",\"width\":338,\"height\":85,\"caption\":\"New Light Digital\"},\"image\":{\"@id\":\"https:\\\/\\\/newlightdigital.com\\\/ro\\\/#\\\/schema\\\/logo\\\/image\\\/\"},\"sameAs\":[\"https:\\\/\\\/www.facebook.com\\\/newlightdigital\",\"https:\\\/\\\/x.com\\\/newlightdigital\",\"https:\\\/\\\/www.linkedin.com\\\/company\\\/29347636\\\/admin\\\/\",\"https:\\\/\\\/www.pinterest.com\\\/newlightdigital\\\/\",\"https:\\\/\\\/www.instagram.com\\\/newlightdigital\\\/\"]}]}<\/script>\n<!-- \/ Yoast SEO plugin. -->","yoast_head_json":{"title":"Publicare con\u021binut ter\u021b\u0103 parte pentru afacere de recrutare","description":"Companiile de recrutare \u0219i recrutare care doresc s\u0103 construiasc\u0103 o strategie de con\u021binut ar trebui s\u0103 ia \u00een considerare modul \u00een care publicarea con\u021binutului ter\u021bilor le-ar putea aduce beneficii.","robots":{"index":"index","follow":"follow","max-snippet":"max-snippet:-1","max-image-preview":"max-image-preview:large","max-video-preview":"max-video-preview:-1"},"canonical":"https:\/\/newlightdigital.com\/ro\/publicare-continut-marketing-recrutare\/","og_locale":"ro_RO","og_type":"article","og_title":"Publicare con\u021binut ter\u021b\u0103 parte pentru afacere de recrutare","og_description":"Companiile de recrutare \u0219i recrutare care doresc s\u0103 construiasc\u0103 o strategie de con\u021binut ar trebui s\u0103 ia \u00een considerare modul \u00een care publicarea con\u021binutului ter\u021bilor le-ar putea aduce beneficii.","og_url":"https:\/\/newlightdigital.com\/ro\/publicare-continut-marketing-recrutare\/","og_site_name":"New Light Digital","article_publisher":"https:\/\/www.facebook.com\/newlightdigital","article_modified_time":"2024-08-29T13:06:06+00:00","og_image":[{"width":800,"height":800,"url":"https:\/\/newlightdigital.com\/wp-content\/uploads\/2023\/05\/Publishing-Third-Party-Content-to-Boost-Your-Staffing-and-Recruiting-Business.png","type":"image\/png"}],"twitter_card":"summary_large_image","twitter_site":"@newlightdigital","twitter_misc":{"Timp estimat pentru citire":"1 minut"},"schema":{"@context":"https:\/\/schema.org","@graph":[{"@type":"WebPage","@id":"https:\/\/newlightdigital.com\/ro\/publicare-continut-marketing-recrutare\/","url":"https:\/\/newlightdigital.com\/ro\/publicare-continut-marketing-recrutare\/","name":"Publicare con\u021binut ter\u021b\u0103 parte pentru afacere de recrutare","isPartOf":{"@id":"https:\/\/newlightdigital.com\/ro\/#website"},"primaryImageOfPage":{"@id":"https:\/\/newlightdigital.com\/ro\/publicare-continut-marketing-recrutare\/#primaryimage"},"image":{"@id":"https:\/\/newlightdigital.com\/ro\/publicare-continut-marketing-recrutare\/#primaryimage"},"thumbnailUrl":"https:\/\/newlightdigital.com\/wp-content\/uploads\/2023\/05\/Publishing-Third-Party-Content-to-Boost-Your-Staffing-and-Recruiting-Business.png","datePublished":"2024-02-18T09:15:00+00:00","dateModified":"2024-08-29T13:06:06+00:00","description":"Companiile de recrutare \u0219i recrutare care doresc s\u0103 construiasc\u0103 o strategie de con\u021binut ar trebui s\u0103 ia \u00een considerare modul \u00een care publicarea con\u021binutului ter\u021bilor le-ar putea aduce beneficii.","breadcrumb":{"@id":"https:\/\/newlightdigital.com\/ro\/publicare-continut-marketing-recrutare\/#breadcrumb"},"inLanguage":"ro-RO","potentialAction":[{"@type":"ReadAction","target":["https:\/\/newlightdigital.com\/ro\/publicare-continut-marketing-recrutare\/"]}]},{"@type":"ImageObject","inLanguage":"ro-RO","@id":"https:\/\/newlightdigital.com\/ro\/publicare-continut-marketing-recrutare\/#primaryimage","url":"https:\/\/newlightdigital.com\/wp-content\/uploads\/2023\/05\/Publishing-Third-Party-Content-to-Boost-Your-Staffing-and-Recruiting-Business.png","contentUrl":"https:\/\/newlightdigital.com\/wp-content\/uploads\/2023\/05\/Publishing-Third-Party-Content-to-Boost-Your-Staffing-and-Recruiting-Business.png","width":800,"height":800},{"@type":"BreadcrumbList","@id":"https:\/\/newlightdigital.com\/ro\/publicare-continut-marketing-recrutare\/#breadcrumb","itemListElement":[{"@type":"ListItem","position":1,"name":"Home","item":"https:\/\/newlightdigital.com\/ro\/"},{"@type":"ListItem","position":2,"name":"Publicarea de con\u021binut ter\u021b\u0103 parte pentru a v\u0103 stimula personalul \u0219i afacerea de recrutare"}]},{"@type":"WebSite","@id":"https:\/\/newlightdigital.com\/ro\/#website","url":"https:\/\/newlightdigital.com\/ro\/","name":"New Light Digital","description":"Reap Tangible Results from Your Marketing","publisher":{"@id":"https:\/\/newlightdigital.com\/ro\/#organization"},"potentialAction":[{"@type":"SearchAction","target":{"@type":"EntryPoint","urlTemplate":"https:\/\/newlightdigital.com\/ro\/?s={search_term_string}"},"query-input":{"@type":"PropertyValueSpecification","valueRequired":true,"valueName":"search_term_string"}}],"inLanguage":"ro-RO"},{"@type":"Organization","@id":"https:\/\/newlightdigital.com\/ro\/#organization","name":"New Light Digital","url":"https:\/\/newlightdigital.com\/ro\/","logo":{"@type":"ImageObject","inLanguage":"ro-RO","@id":"https:\/\/newlightdigital.com\/ro\/#\/schema\/logo\/image\/","url":"https:\/\/newlightdigital.com\/wp-content\/uploads\/2022\/07\/logo_red.png","contentUrl":"https:\/\/newlightdigital.com\/wp-content\/uploads\/2022\/07\/logo_red.png","width":338,"height":85,"caption":"New Light Digital"},"image":{"@id":"https:\/\/newlightdigital.com\/ro\/#\/schema\/logo\/image\/"},"sameAs":["https:\/\/www.facebook.com\/newlightdigital","https:\/\/x.com\/newlightdigital","https:\/\/www.linkedin.com\/company\/29347636\/admin\/","https:\/\/www.pinterest.com\/newlightdigital\/","https:\/\/www.instagram.com\/newlightdigital\/"]}]}},"_links":{"self":[{"href":"https:\/\/newlightdigital.com\/ro\/wp-json\/wp\/v2\/pages\/10808","targetHints":{"allow":["GET"]}}],"collection":[{"href":"https:\/\/newlightdigital.com\/ro\/wp-json\/wp\/v2\/pages"}],"about":[{"href":"https:\/\/newlightdigital.com\/ro\/wp-json\/wp\/v2\/types\/page"}],"author":[{"embeddable":true,"href":"https:\/\/newlightdigital.com\/ro\/wp-json\/wp\/v2\/users\/2"}],"replies":[{"embeddable":true,"href":"https:\/\/newlightdigital.com\/ro\/wp-json\/wp\/v2\/comments?post=10808"}],"version-history":[{"count":0,"href":"https:\/\/newlightdigital.com\/ro\/wp-json\/wp\/v2\/pages\/10808\/revisions"}],"wp:featuredmedia":[{"embeddable":true,"href":"https:\/\/newlightdigital.com\/ro\/wp-json\/wp\/v2\/media\/9923"}],"wp:attachment":[{"href":"https:\/\/newlightdigital.com\/ro\/wp-json\/wp\/v2\/media?parent=10808"}],"curies":[{"name":"wp","href":"https:\/\/api.w.org\/{rel}","templated":true}]}}