{"id":10811,"date":"2022-10-31T07:15:33","date_gmt":"2022-10-31T07:15:33","guid":{"rendered":"https:\/\/newlightdigital.nldsite.com\/ghidul-incepatorului-pentru-marketingul-digital-pentru-intreprinderile-mici\/"},"modified":"2024-03-21T16:10:27","modified_gmt":"2024-03-21T16:10:27","slug":"ghidul-incepatorului-pentru-marketingul-digital-pentru-intreprinderile-mici","status":"publish","type":"page","link":"https:\/\/newlightdigital.com\/ro\/ghidul-incepatorului-pentru-marketingul-digital-pentru-intreprinderile-mici\/","title":{"rendered":"Ghidul \u00eencep\u0103torului pentru marketingul digital pentru \u00eentreprinderile mici"},"content":{"rendered":"","protected":false},"excerpt":{"rendered":"","protected":false},"author":2,"featured_media":12165,"parent":0,"menu_order":0,"comment_status":"closed","ping_status":"closed","template":"page-landing.php","meta":{"_acf_changed":false,"footnotes":""},"class_list":["post-10811","page","type-page","status-publish","has-post-thumbnail","hentry"],"acf":[],"yoast_head":"<!-- This site is optimized with the Yoast SEO plugin v27.4 - https:\/\/yoast.com\/product\/yoast-seo-wordpress\/ -->\n<title>Marketing digital pentru \u00eentreprinderile mici - Desc\u0103rca\u021bi gratuit eBook<\/title>\n<meta name=\"description\" content=\"Profita\u021bi de ghidul nostru gratuit de marketing digital conceput special pentru \u00eentreprinderile mici. Afla\u021bi informa\u021bii, strategii \u0219i tactici valoroase pentru a v\u0103 \u00eembun\u0103t\u0103\u021bi prezen\u021ba online \u0219i a stimula succesul.\" \/>\n<meta name=\"robots\" content=\"index, follow, max-snippet:-1, max-image-preview:large, max-video-preview:-1\" \/>\n<link rel=\"canonical\" href=\"https:\/\/newlightdigital.com\/ro\/ghidul-incepatorului-pentru-marketingul-digital-pentru-intreprinderile-mici\/\" \/>\n<meta property=\"og:locale\" content=\"ro_RO\" \/>\n<meta property=\"og:type\" content=\"article\" \/>\n<meta property=\"og:title\" content=\"Marketing digital pentru \u00eentreprinderile mici - Desc\u0103rca\u021bi gratuit eBook\" \/>\n<meta property=\"og:description\" content=\"Profita\u021bi de ghidul nostru gratuit de marketing digital conceput special pentru \u00eentreprinderile mici. Afla\u021bi informa\u021bii, strategii \u0219i tactici valoroase pentru a v\u0103 \u00eembun\u0103t\u0103\u021bi prezen\u021ba online \u0219i a stimula succesul.\" \/>\n<meta property=\"og:url\" content=\"https:\/\/newlightdigital.com\/ro\/ghidul-incepatorului-pentru-marketingul-digital-pentru-intreprinderile-mici\/\" \/>\n<meta property=\"og:site_name\" content=\"New Light Digital\" \/>\n<meta property=\"article:publisher\" content=\"https:\/\/www.facebook.com\/newlightdigital\" \/>\n<meta property=\"article:modified_time\" content=\"2024-03-21T16:10:27+00:00\" \/>\n<meta name=\"twitter:card\" content=\"summary_large_image\" \/>\n<meta name=\"twitter:site\" content=\"@newlightdigital\" \/>\n<script type=\"application\/ld+json\" class=\"yoast-schema-graph\">{\"@context\":\"https:\\\/\\\/schema.org\",\"@graph\":[{\"@type\":\"WebPage\",\"@id\":\"https:\\\/\\\/newlightdigital.com\\\/ro\\\/ghidul-incepatorului-pentru-marketingul-digital-pentru-intreprinderile-mici\\\/\",\"url\":\"https:\\\/\\\/newlightdigital.com\\\/ro\\\/ghidul-incepatorului-pentru-marketingul-digital-pentru-intreprinderile-mici\\\/\",\"name\":\"Marketing digital pentru \u00eentreprinderile mici - Desc\u0103rca\u021bi gratuit eBook\",\"isPartOf\":{\"@id\":\"https:\\\/\\\/newlightdigital.com\\\/ro\\\/#website\"},\"primaryImageOfPage\":{\"@id\":\"https:\\\/\\\/newlightdigital.com\\\/ro\\\/ghidul-incepatorului-pentru-marketingul-digital-pentru-intreprinderile-mici\\\/#primaryimage\"},\"image\":{\"@id\":\"https:\\\/\\\/newlightdigital.com\\\/ro\\\/ghidul-incepatorului-pentru-marketingul-digital-pentru-intreprinderile-mici\\\/#primaryimage\"},\"thumbnailUrl\":\"https:\\\/\\\/newlightdigital.com\\\/wp-content\\\/uploads\\\/2024\\\/03\\\/your-website-matters-1.jpeg\",\"datePublished\":\"2022-10-31T07:15:33+00:00\",\"dateModified\":\"2024-03-21T16:10:27+00:00\",\"description\":\"Profita\u021bi de ghidul nostru gratuit de marketing digital conceput special pentru \u00eentreprinderile mici. Afla\u021bi informa\u021bii, strategii \u0219i tactici valoroase pentru a v\u0103 \u00eembun\u0103t\u0103\u021bi prezen\u021ba online \u0219i a stimula succesul.\",\"breadcrumb\":{\"@id\":\"https:\\\/\\\/newlightdigital.com\\\/ro\\\/ghidul-incepatorului-pentru-marketingul-digital-pentru-intreprinderile-mici\\\/#breadcrumb\"},\"inLanguage\":\"ro-RO\",\"potentialAction\":[{\"@type\":\"ReadAction\",\"target\":[\"https:\\\/\\\/newlightdigital.com\\\/ro\\\/ghidul-incepatorului-pentru-marketingul-digital-pentru-intreprinderile-mici\\\/\"]}]},{\"@type\":\"ImageObject\",\"inLanguage\":\"ro-RO\",\"@id\":\"https:\\\/\\\/newlightdigital.com\\\/ro\\\/ghidul-incepatorului-pentru-marketingul-digital-pentru-intreprinderile-mici\\\/#primaryimage\",\"url\":\"https:\\\/\\\/newlightdigital.com\\\/wp-content\\\/uploads\\\/2024\\\/03\\\/your-website-matters-1.jpeg\",\"contentUrl\":\"https:\\\/\\\/newlightdigital.com\\\/wp-content\\\/uploads\\\/2024\\\/03\\\/your-website-matters-1.jpeg\",\"width\":1500,\"height\":1000,\"caption\":\"Your Website Matters\"},{\"@type\":\"BreadcrumbList\",\"@id\":\"https:\\\/\\\/newlightdigital.com\\\/ro\\\/ghidul-incepatorului-pentru-marketingul-digital-pentru-intreprinderile-mici\\\/#breadcrumb\",\"itemListElement\":[{\"@type\":\"ListItem\",\"position\":1,\"name\":\"Home\",\"item\":\"https:\\\/\\\/newlightdigital.com\\\/ro\\\/\"},{\"@type\":\"ListItem\",\"position\":2,\"name\":\"Ghidul \u00eencep\u0103torului pentru marketingul digital pentru \u00eentreprinderile mici\"}]},{\"@type\":\"WebSite\",\"@id\":\"https:\\\/\\\/newlightdigital.com\\\/ro\\\/#website\",\"url\":\"https:\\\/\\\/newlightdigital.com\\\/ro\\\/\",\"name\":\"New Light Digital\",\"description\":\"Reap Tangible Results from Your Marketing\",\"publisher\":{\"@id\":\"https:\\\/\\\/newlightdigital.com\\\/ro\\\/#organization\"},\"potentialAction\":[{\"@type\":\"SearchAction\",\"target\":{\"@type\":\"EntryPoint\",\"urlTemplate\":\"https:\\\/\\\/newlightdigital.com\\\/ro\\\/?s={search_term_string}\"},\"query-input\":{\"@type\":\"PropertyValueSpecification\",\"valueRequired\":true,\"valueName\":\"search_term_string\"}}],\"inLanguage\":\"ro-RO\"},{\"@type\":\"Organization\",\"@id\":\"https:\\\/\\\/newlightdigital.com\\\/ro\\\/#organization\",\"name\":\"New Light Digital\",\"url\":\"https:\\\/\\\/newlightdigital.com\\\/ro\\\/\",\"logo\":{\"@type\":\"ImageObject\",\"inLanguage\":\"ro-RO\",\"@id\":\"https:\\\/\\\/newlightdigital.com\\\/ro\\\/#\\\/schema\\\/logo\\\/image\\\/\",\"url\":\"https:\\\/\\\/newlightdigital.com\\\/wp-content\\\/uploads\\\/2022\\\/07\\\/logo_red.png\",\"contentUrl\":\"https:\\\/\\\/newlightdigital.com\\\/wp-content\\\/uploads\\\/2022\\\/07\\\/logo_red.png\",\"width\":338,\"height\":85,\"caption\":\"New Light Digital\"},\"image\":{\"@id\":\"https:\\\/\\\/newlightdigital.com\\\/ro\\\/#\\\/schema\\\/logo\\\/image\\\/\"},\"sameAs\":[\"https:\\\/\\\/www.facebook.com\\\/newlightdigital\",\"https:\\\/\\\/x.com\\\/newlightdigital\",\"https:\\\/\\\/www.linkedin.com\\\/company\\\/29347636\\\/admin\\\/\",\"https:\\\/\\\/www.pinterest.com\\\/newlightdigital\\\/\",\"https:\\\/\\\/www.instagram.com\\\/newlightdigital\\\/\"]}]}<\/script>\n<!-- \/ Yoast SEO plugin. -->","yoast_head_json":{"title":"Marketing digital pentru \u00eentreprinderile mici - Desc\u0103rca\u021bi gratuit eBook","description":"Profita\u021bi de ghidul nostru gratuit de marketing digital conceput special pentru \u00eentreprinderile mici. Afla\u021bi informa\u021bii, strategii \u0219i tactici valoroase pentru a v\u0103 \u00eembun\u0103t\u0103\u021bi prezen\u021ba online \u0219i a stimula succesul.","robots":{"index":"index","follow":"follow","max-snippet":"max-snippet:-1","max-image-preview":"max-image-preview:large","max-video-preview":"max-video-preview:-1"},"canonical":"https:\/\/newlightdigital.com\/ro\/ghidul-incepatorului-pentru-marketingul-digital-pentru-intreprinderile-mici\/","og_locale":"ro_RO","og_type":"article","og_title":"Marketing digital pentru \u00eentreprinderile mici - Desc\u0103rca\u021bi gratuit eBook","og_description":"Profita\u021bi de ghidul nostru gratuit de marketing digital conceput special pentru \u00eentreprinderile mici. Afla\u021bi informa\u021bii, strategii \u0219i tactici valoroase pentru a v\u0103 \u00eembun\u0103t\u0103\u021bi prezen\u021ba online \u0219i a stimula succesul.","og_url":"https:\/\/newlightdigital.com\/ro\/ghidul-incepatorului-pentru-marketingul-digital-pentru-intreprinderile-mici\/","og_site_name":"New Light Digital","article_publisher":"https:\/\/www.facebook.com\/newlightdigital","article_modified_time":"2024-03-21T16:10:27+00:00","twitter_card":"summary_large_image","twitter_site":"@newlightdigital","schema":{"@context":"https:\/\/schema.org","@graph":[{"@type":"WebPage","@id":"https:\/\/newlightdigital.com\/ro\/ghidul-incepatorului-pentru-marketingul-digital-pentru-intreprinderile-mici\/","url":"https:\/\/newlightdigital.com\/ro\/ghidul-incepatorului-pentru-marketingul-digital-pentru-intreprinderile-mici\/","name":"Marketing digital pentru \u00eentreprinderile mici - Desc\u0103rca\u021bi gratuit eBook","isPartOf":{"@id":"https:\/\/newlightdigital.com\/ro\/#website"},"primaryImageOfPage":{"@id":"https:\/\/newlightdigital.com\/ro\/ghidul-incepatorului-pentru-marketingul-digital-pentru-intreprinderile-mici\/#primaryimage"},"image":{"@id":"https:\/\/newlightdigital.com\/ro\/ghidul-incepatorului-pentru-marketingul-digital-pentru-intreprinderile-mici\/#primaryimage"},"thumbnailUrl":"https:\/\/newlightdigital.com\/wp-content\/uploads\/2024\/03\/your-website-matters-1.jpeg","datePublished":"2022-10-31T07:15:33+00:00","dateModified":"2024-03-21T16:10:27+00:00","description":"Profita\u021bi de ghidul nostru gratuit de marketing digital conceput special pentru \u00eentreprinderile mici. Afla\u021bi informa\u021bii, strategii \u0219i tactici valoroase pentru a v\u0103 \u00eembun\u0103t\u0103\u021bi prezen\u021ba online \u0219i a stimula succesul.","breadcrumb":{"@id":"https:\/\/newlightdigital.com\/ro\/ghidul-incepatorului-pentru-marketingul-digital-pentru-intreprinderile-mici\/#breadcrumb"},"inLanguage":"ro-RO","potentialAction":[{"@type":"ReadAction","target":["https:\/\/newlightdigital.com\/ro\/ghidul-incepatorului-pentru-marketingul-digital-pentru-intreprinderile-mici\/"]}]},{"@type":"ImageObject","inLanguage":"ro-RO","@id":"https:\/\/newlightdigital.com\/ro\/ghidul-incepatorului-pentru-marketingul-digital-pentru-intreprinderile-mici\/#primaryimage","url":"https:\/\/newlightdigital.com\/wp-content\/uploads\/2024\/03\/your-website-matters-1.jpeg","contentUrl":"https:\/\/newlightdigital.com\/wp-content\/uploads\/2024\/03\/your-website-matters-1.jpeg","width":1500,"height":1000,"caption":"Your Website Matters"},{"@type":"BreadcrumbList","@id":"https:\/\/newlightdigital.com\/ro\/ghidul-incepatorului-pentru-marketingul-digital-pentru-intreprinderile-mici\/#breadcrumb","itemListElement":[{"@type":"ListItem","position":1,"name":"Home","item":"https:\/\/newlightdigital.com\/ro\/"},{"@type":"ListItem","position":2,"name":"Ghidul \u00eencep\u0103torului pentru marketingul digital pentru \u00eentreprinderile mici"}]},{"@type":"WebSite","@id":"https:\/\/newlightdigital.com\/ro\/#website","url":"https:\/\/newlightdigital.com\/ro\/","name":"New Light Digital","description":"Reap Tangible Results from Your Marketing","publisher":{"@id":"https:\/\/newlightdigital.com\/ro\/#organization"},"potentialAction":[{"@type":"SearchAction","target":{"@type":"EntryPoint","urlTemplate":"https:\/\/newlightdigital.com\/ro\/?s={search_term_string}"},"query-input":{"@type":"PropertyValueSpecification","valueRequired":true,"valueName":"search_term_string"}}],"inLanguage":"ro-RO"},{"@type":"Organization","@id":"https:\/\/newlightdigital.com\/ro\/#organization","name":"New Light Digital","url":"https:\/\/newlightdigital.com\/ro\/","logo":{"@type":"ImageObject","inLanguage":"ro-RO","@id":"https:\/\/newlightdigital.com\/ro\/#\/schema\/logo\/image\/","url":"https:\/\/newlightdigital.com\/wp-content\/uploads\/2022\/07\/logo_red.png","contentUrl":"https:\/\/newlightdigital.com\/wp-content\/uploads\/2022\/07\/logo_red.png","width":338,"height":85,"caption":"New Light Digital"},"image":{"@id":"https:\/\/newlightdigital.com\/ro\/#\/schema\/logo\/image\/"},"sameAs":["https:\/\/www.facebook.com\/newlightdigital","https:\/\/x.com\/newlightdigital","https:\/\/www.linkedin.com\/company\/29347636\/admin\/","https:\/\/www.pinterest.com\/newlightdigital\/","https:\/\/www.instagram.com\/newlightdigital\/"]}]}},"_links":{"self":[{"href":"https:\/\/newlightdigital.com\/ro\/wp-json\/wp\/v2\/pages\/10811","targetHints":{"allow":["GET"]}}],"collection":[{"href":"https:\/\/newlightdigital.com\/ro\/wp-json\/wp\/v2\/pages"}],"about":[{"href":"https:\/\/newlightdigital.com\/ro\/wp-json\/wp\/v2\/types\/page"}],"author":[{"embeddable":true,"href":"https:\/\/newlightdigital.com\/ro\/wp-json\/wp\/v2\/users\/2"}],"replies":[{"embeddable":true,"href":"https:\/\/newlightdigital.com\/ro\/wp-json\/wp\/v2\/comments?post=10811"}],"version-history":[{"count":0,"href":"https:\/\/newlightdigital.com\/ro\/wp-json\/wp\/v2\/pages\/10811\/revisions"}],"wp:featuredmedia":[{"embeddable":true,"href":"https:\/\/newlightdigital.com\/ro\/wp-json\/wp\/v2\/media\/12165"}],"wp:attachment":[{"href":"https:\/\/newlightdigital.com\/ro\/wp-json\/wp\/v2\/media?parent=10811"}],"curies":[{"name":"wp","href":"https:\/\/api.w.org\/{rel}","templated":true}]}}