{"id":10845,"date":"2022-06-07T12:56:18","date_gmt":"2022-06-07T09:56:18","guid":{"rendered":"https:\/\/newlightdigital.nldsite.com\/servicii\/optimizarea-ratei-de-conversie\/"},"modified":"2025-06-27T11:33:21","modified_gmt":"2025-06-27T08:33:21","slug":"optimizarea-ratei-de-conversie","status":"publish","type":"page","link":"https:\/\/newlightdigital.com\/ro\/servicii\/optimizarea-ratei-de-conversie\/","title":{"rendered":"Optimizarea ratei de conversie"},"content":{"rendered":"","protected":false},"excerpt":{"rendered":"","protected":false},"author":2,"featured_media":0,"parent":10518,"menu_order":0,"comment_status":"closed","ping_status":"closed","template":"page-services-template.php","meta":{"_acf_changed":false,"footnotes":""},"class_list":["post-10845","page","type-page","status-publish","hentry"],"acf":[],"yoast_head":"<!-- This site is optimized with the Yoast SEO plugin v27.3 - https:\/\/yoast.com\/product\/yoast-seo-wordpress\/ -->\n<title>Servicii de Optimizare a Ratei de Conversie &#8212; New Light Digital<\/title>\n<meta name=\"description\" content=\"Ne uit\u0103m la ceea ce func\u021bioneaz\u0103 pentru concuren\u021bii dvs. pentru a v\u0103 \u00eembun\u0103t\u0103\u021bi propria prezen\u021b\u0103.\" \/>\n<meta name=\"robots\" content=\"index, follow, max-snippet:-1, max-image-preview:large, max-video-preview:-1\" \/>\n<link rel=\"canonical\" href=\"https:\/\/newlightdigital.com\/ro\/servicii\/optimizarea-ratei-de-conversie\/\" \/>\n<meta property=\"og:locale\" content=\"ro_RO\" \/>\n<meta property=\"og:type\" content=\"article\" \/>\n<meta property=\"og:title\" content=\"Servicii de Optimizare a Ratei de Conversie &#8212; New Light Digital\" \/>\n<meta property=\"og:description\" content=\"Ne uit\u0103m la ceea ce func\u021bioneaz\u0103 pentru concuren\u021bii dvs. pentru a v\u0103 \u00eembun\u0103t\u0103\u021bi propria prezen\u021b\u0103.\" \/>\n<meta property=\"og:url\" content=\"https:\/\/newlightdigital.com\/ro\/servicii\/optimizarea-ratei-de-conversie\/\" \/>\n<meta property=\"og:site_name\" content=\"New Light Digital\" \/>\n<meta property=\"article:publisher\" content=\"https:\/\/www.facebook.com\/newlightdigital\" \/>\n<meta property=\"article:modified_time\" content=\"2025-06-27T08:33:21+00:00\" \/>\n<meta name=\"twitter:card\" content=\"summary_large_image\" \/>\n<meta name=\"twitter:site\" content=\"@newlightdigital\" \/>\n<script type=\"application\/ld+json\" class=\"yoast-schema-graph\">{\"@context\":\"https:\\\/\\\/schema.org\",\"@graph\":[{\"@type\":\"WebPage\",\"@id\":\"https:\\\/\\\/newlightdigital.com\\\/ro\\\/servicii\\\/optimizarea-ratei-de-conversie\\\/\",\"url\":\"https:\\\/\\\/newlightdigital.com\\\/ro\\\/servicii\\\/optimizarea-ratei-de-conversie\\\/\",\"name\":\"Servicii de Optimizare a Ratei de Conversie &#8212; New Light Digital\",\"isPartOf\":{\"@id\":\"https:\\\/\\\/newlightdigital.com\\\/ro\\\/#website\"},\"datePublished\":\"2022-06-07T09:56:18+00:00\",\"dateModified\":\"2025-06-27T08:33:21+00:00\",\"description\":\"Ne uit\u0103m la ceea ce func\u021bioneaz\u0103 pentru concuren\u021bii dvs. pentru a v\u0103 \u00eembun\u0103t\u0103\u021bi propria prezen\u021b\u0103.\",\"breadcrumb\":{\"@id\":\"https:\\\/\\\/newlightdigital.com\\\/ro\\\/servicii\\\/optimizarea-ratei-de-conversie\\\/#breadcrumb\"},\"inLanguage\":\"ro-RO\",\"potentialAction\":[{\"@type\":\"ReadAction\",\"target\":[\"https:\\\/\\\/newlightdigital.com\\\/ro\\\/servicii\\\/optimizarea-ratei-de-conversie\\\/\"]}]},{\"@type\":\"BreadcrumbList\",\"@id\":\"https:\\\/\\\/newlightdigital.com\\\/ro\\\/servicii\\\/optimizarea-ratei-de-conversie\\\/#breadcrumb\",\"itemListElement\":[{\"@type\":\"ListItem\",\"position\":1,\"name\":\"Home\",\"item\":\"https:\\\/\\\/newlightdigital.com\\\/ro\\\/\"},{\"@type\":\"ListItem\",\"position\":2,\"name\":\"Servicii\",\"item\":\"https:\\\/\\\/newlightdigital.com\\\/ro\\\/servicii\\\/\"},{\"@type\":\"ListItem\",\"position\":3,\"name\":\"Optimizarea ratei de conversie\"}]},{\"@type\":\"WebSite\",\"@id\":\"https:\\\/\\\/newlightdigital.com\\\/ro\\\/#website\",\"url\":\"https:\\\/\\\/newlightdigital.com\\\/ro\\\/\",\"name\":\"New Light Digital\",\"description\":\"Reap Tangible Results from Your Marketing\",\"publisher\":{\"@id\":\"https:\\\/\\\/newlightdigital.com\\\/ro\\\/#organization\"},\"potentialAction\":[{\"@type\":\"SearchAction\",\"target\":{\"@type\":\"EntryPoint\",\"urlTemplate\":\"https:\\\/\\\/newlightdigital.com\\\/ro\\\/?s={search_term_string}\"},\"query-input\":{\"@type\":\"PropertyValueSpecification\",\"valueRequired\":true,\"valueName\":\"search_term_string\"}}],\"inLanguage\":\"ro-RO\"},{\"@type\":\"Organization\",\"@id\":\"https:\\\/\\\/newlightdigital.com\\\/ro\\\/#organization\",\"name\":\"New Light Digital\",\"url\":\"https:\\\/\\\/newlightdigital.com\\\/ro\\\/\",\"logo\":{\"@type\":\"ImageObject\",\"inLanguage\":\"ro-RO\",\"@id\":\"https:\\\/\\\/newlightdigital.com\\\/ro\\\/#\\\/schema\\\/logo\\\/image\\\/\",\"url\":\"https:\\\/\\\/newlightdigital.com\\\/wp-content\\\/uploads\\\/2022\\\/07\\\/logo_red.png\",\"contentUrl\":\"https:\\\/\\\/newlightdigital.com\\\/wp-content\\\/uploads\\\/2022\\\/07\\\/logo_red.png\",\"width\":338,\"height\":85,\"caption\":\"New Light Digital\"},\"image\":{\"@id\":\"https:\\\/\\\/newlightdigital.com\\\/ro\\\/#\\\/schema\\\/logo\\\/image\\\/\"},\"sameAs\":[\"https:\\\/\\\/www.facebook.com\\\/newlightdigital\",\"https:\\\/\\\/x.com\\\/newlightdigital\",\"https:\\\/\\\/www.linkedin.com\\\/company\\\/29347636\\\/admin\\\/\",\"https:\\\/\\\/www.pinterest.com\\\/newlightdigital\\\/\",\"https:\\\/\\\/www.instagram.com\\\/newlightdigital\\\/\"]}]}<\/script>\n<!-- \/ Yoast SEO plugin. -->","yoast_head_json":{"title":"Servicii de Optimizare a Ratei de Conversie &#8212; New Light Digital","description":"Ne uit\u0103m la ceea ce func\u021bioneaz\u0103 pentru concuren\u021bii dvs. pentru a v\u0103 \u00eembun\u0103t\u0103\u021bi propria prezen\u021b\u0103.","robots":{"index":"index","follow":"follow","max-snippet":"max-snippet:-1","max-image-preview":"max-image-preview:large","max-video-preview":"max-video-preview:-1"},"canonical":"https:\/\/newlightdigital.com\/ro\/servicii\/optimizarea-ratei-de-conversie\/","og_locale":"ro_RO","og_type":"article","og_title":"Servicii de Optimizare a Ratei de Conversie &#8212; New Light Digital","og_description":"Ne uit\u0103m la ceea ce func\u021bioneaz\u0103 pentru concuren\u021bii dvs. pentru a v\u0103 \u00eembun\u0103t\u0103\u021bi propria prezen\u021b\u0103.","og_url":"https:\/\/newlightdigital.com\/ro\/servicii\/optimizarea-ratei-de-conversie\/","og_site_name":"New Light Digital","article_publisher":"https:\/\/www.facebook.com\/newlightdigital","article_modified_time":"2025-06-27T08:33:21+00:00","twitter_card":"summary_large_image","twitter_site":"@newlightdigital","schema":{"@context":"https:\/\/schema.org","@graph":[{"@type":"WebPage","@id":"https:\/\/newlightdigital.com\/ro\/servicii\/optimizarea-ratei-de-conversie\/","url":"https:\/\/newlightdigital.com\/ro\/servicii\/optimizarea-ratei-de-conversie\/","name":"Servicii de Optimizare a Ratei de Conversie &#8212; New Light Digital","isPartOf":{"@id":"https:\/\/newlightdigital.com\/ro\/#website"},"datePublished":"2022-06-07T09:56:18+00:00","dateModified":"2025-06-27T08:33:21+00:00","description":"Ne uit\u0103m la ceea ce func\u021bioneaz\u0103 pentru concuren\u021bii dvs. pentru a v\u0103 \u00eembun\u0103t\u0103\u021bi propria prezen\u021b\u0103.","breadcrumb":{"@id":"https:\/\/newlightdigital.com\/ro\/servicii\/optimizarea-ratei-de-conversie\/#breadcrumb"},"inLanguage":"ro-RO","potentialAction":[{"@type":"ReadAction","target":["https:\/\/newlightdigital.com\/ro\/servicii\/optimizarea-ratei-de-conversie\/"]}]},{"@type":"BreadcrumbList","@id":"https:\/\/newlightdigital.com\/ro\/servicii\/optimizarea-ratei-de-conversie\/#breadcrumb","itemListElement":[{"@type":"ListItem","position":1,"name":"Home","item":"https:\/\/newlightdigital.com\/ro\/"},{"@type":"ListItem","position":2,"name":"Servicii","item":"https:\/\/newlightdigital.com\/ro\/servicii\/"},{"@type":"ListItem","position":3,"name":"Optimizarea ratei de conversie"}]},{"@type":"WebSite","@id":"https:\/\/newlightdigital.com\/ro\/#website","url":"https:\/\/newlightdigital.com\/ro\/","name":"New Light Digital","description":"Reap Tangible Results from Your Marketing","publisher":{"@id":"https:\/\/newlightdigital.com\/ro\/#organization"},"potentialAction":[{"@type":"SearchAction","target":{"@type":"EntryPoint","urlTemplate":"https:\/\/newlightdigital.com\/ro\/?s={search_term_string}"},"query-input":{"@type":"PropertyValueSpecification","valueRequired":true,"valueName":"search_term_string"}}],"inLanguage":"ro-RO"},{"@type":"Organization","@id":"https:\/\/newlightdigital.com\/ro\/#organization","name":"New Light Digital","url":"https:\/\/newlightdigital.com\/ro\/","logo":{"@type":"ImageObject","inLanguage":"ro-RO","@id":"https:\/\/newlightdigital.com\/ro\/#\/schema\/logo\/image\/","url":"https:\/\/newlightdigital.com\/wp-content\/uploads\/2022\/07\/logo_red.png","contentUrl":"https:\/\/newlightdigital.com\/wp-content\/uploads\/2022\/07\/logo_red.png","width":338,"height":85,"caption":"New Light Digital"},"image":{"@id":"https:\/\/newlightdigital.com\/ro\/#\/schema\/logo\/image\/"},"sameAs":["https:\/\/www.facebook.com\/newlightdigital","https:\/\/x.com\/newlightdigital","https:\/\/www.linkedin.com\/company\/29347636\/admin\/","https:\/\/www.pinterest.com\/newlightdigital\/","https:\/\/www.instagram.com\/newlightdigital\/"]}]}},"_links":{"self":[{"href":"https:\/\/newlightdigital.com\/ro\/wp-json\/wp\/v2\/pages\/10845","targetHints":{"allow":["GET"]}}],"collection":[{"href":"https:\/\/newlightdigital.com\/ro\/wp-json\/wp\/v2\/pages"}],"about":[{"href":"https:\/\/newlightdigital.com\/ro\/wp-json\/wp\/v2\/types\/page"}],"author":[{"embeddable":true,"href":"https:\/\/newlightdigital.com\/ro\/wp-json\/wp\/v2\/users\/2"}],"replies":[{"embeddable":true,"href":"https:\/\/newlightdigital.com\/ro\/wp-json\/wp\/v2\/comments?post=10845"}],"version-history":[{"count":0,"href":"https:\/\/newlightdigital.com\/ro\/wp-json\/wp\/v2\/pages\/10845\/revisions"}],"up":[{"embeddable":true,"href":"https:\/\/newlightdigital.com\/ro\/wp-json\/wp\/v2\/pages\/10518"}],"wp:attachment":[{"href":"https:\/\/newlightdigital.com\/ro\/wp-json\/wp\/v2\/media?parent=10845"}],"curies":[{"name":"wp","href":"https:\/\/api.w.org\/{rel}","templated":true}]}}